{"id":1366,"date":"2022-07-04T14:30:39","date_gmt":"2022-07-04T14:30:39","guid":{"rendered":"https:\/\/viewline.nl\/inspirations-blogs\/"},"modified":"2023-12-15T14:43:50","modified_gmt":"2023-12-15T14:43:50","slug":"inspirations-blogs","status":"publish","type":"page","link":"https:\/\/viewline.nl\/de\/inspirations-blogs\/","title":{"rendered":"Inspirations-Blogs"},"content":{"rendered":"\t\t<div data-elementor-type=\"wp-page\" data-elementor-id=\"1366\" class=\"elementor elementor-1366 elementor-37\" data-elementor-post-type=\"page\">\n\t\t\t\t\t\t<section class=\"elementor-section elementor-top-section elementor-element elementor-element-af01920 elementor-section-boxed elementor-section-height-default elementor-section-height-default\" data-id=\"af01920\" data-element_type=\"section\" data-e-type=\"section\">\n\t\t\t\t\t\t<div class=\"elementor-container elementor-column-gap-default\">\n\t\t\t\t\t<div class=\"elementor-column elementor-col-100 elementor-top-column elementor-element elementor-element-992913d\" data-id=\"992913d\" data-element_type=\"column\" data-e-type=\"column\">\n\t\t\t<div class=\"elementor-widget-wrap elementor-element-populated\">\n\t\t\t\t\t\t<div class=\"elementor-element elementor-element-4926995 elementor-widget elementor-widget-heading\" data-id=\"4926995\" data-element_type=\"widget\" data-e-type=\"widget\" data-widget_type=\"heading.default\">\n\t\t\t\t<div class=\"elementor-widget-container\">\n\t\t\t\t\t<h1 class=\"elementor-heading-title elementor-size-default\">Blogs<\/h1>\t\t\t\t<\/div>\n\t\t\t\t<\/div>\n\t\t\t\t<div class=\"elementor-element elementor-element-939f5af elementor-widget elementor-widget-text-editor\" data-id=\"939f5af\" data-element_type=\"widget\" data-e-type=\"widget\" data-widget_type=\"text-editor.default\">\n\t\t\t\t<div class=\"elementor-widget-container\">\n\t\t\t\t\t\t\t\t\t<p>Willkommen auf unserer Blog-Seite. Bleiben Sie durch unsere Berichte \u00fcber die Produkte von Viewline auf dem Laufenden. Wir stellen Ihnen Anleitungen, Tipps und Tricks zur Verf\u00fcgung. Kurzum: Entdecken Sie alles \u00fcber Glassysteme, angereichert mit inspirierenden Bildern.<\/p>\n<p>Lassen Sie sich inspirieren und hinterlassen Sie eine Frage oder einen Kommentar \u00fcber <span style=\"text-decoration: underline;\"><a href=\"https:\/\/viewline.nl\/de\/contact\/\">unser Kontaktformular<\/a><\/span>.<\/p>\n\t\t\t\t\t\t\t\t<\/div>\n\t\t\t\t<\/div>\n\t\t\t\t<div class=\"elementor-element elementor-element-e77147a elementor-widget elementor-widget-jet-listing-grid\" data-id=\"e77147a\" data-element_type=\"widget\" data-e-type=\"widget\" data-settings=\"{&quot;columns&quot;:&quot;3&quot;,&quot;columns_tablet&quot;:&quot;1&quot;}\" data-widget_type=\"jet-listing-grid.default\">\n\t\t\t\t<div class=\"elementor-widget-container\">\n\t\t\t\t\t<div class=\"jet-listing-grid jet-listing\"><div class=\"jet-listing-grid__items grid-col-desk-3 grid-col-tablet-1 grid-col-mobile-1 jet-listing-grid--76 jet-equal-columns__wrapper\" data-queried-id=\"1366|WP_Post\" data-nav=\"{&quot;enabled&quot;:false,&quot;type&quot;:null,&quot;more_el&quot;:null,&quot;query&quot;:[],&quot;widget_settings&quot;:{&quot;lisitng_id&quot;:76,&quot;posts_num&quot;:20,&quot;columns&quot;:3,&quot;columns_tablet&quot;:1,&quot;columns_mobile&quot;:1,&quot;column_min_width&quot;:240,&quot;column_min_width_tablet&quot;:240,&quot;column_min_width_mobile&quot;:240,&quot;inline_columns_css&quot;:false,&quot;is_archive_template&quot;:&quot;&quot;,&quot;post_status&quot;:[&quot;publish&quot;],&quot;use_random_posts_num&quot;:&quot;&quot;,&quot;max_posts_num&quot;:9,&quot;not_found_message&quot;:&quot;Keine Blogs gefunden.&quot;,&quot;is_masonry&quot;:false,&quot;equal_columns_height&quot;:&quot;yes&quot;,&quot;use_load_more&quot;:&quot;&quot;,&quot;load_more_id&quot;:&quot;&quot;,&quot;load_more_type&quot;:&quot;click&quot;,&quot;load_more_offset&quot;:{&quot;unit&quot;:&quot;px&quot;,&quot;size&quot;:0,&quot;sizes&quot;:[]},&quot;use_custom_post_types&quot;:&quot;&quot;,&quot;custom_post_types&quot;:[],&quot;hide_widget_if&quot;:&quot;&quot;,&quot;carousel_enabled&quot;:&quot;&quot;,&quot;slides_to_scroll&quot;:&quot;1&quot;,&quot;arrows&quot;:&quot;true&quot;,&quot;arrow_icon&quot;:&quot;fa fa-angle-left&quot;,&quot;dots&quot;:&quot;&quot;,&quot;autoplay&quot;:&quot;true&quot;,&quot;pause_on_hover&quot;:&quot;true&quot;,&quot;autoplay_speed&quot;:5000,&quot;infinite&quot;:&quot;true&quot;,&quot;center_mode&quot;:&quot;&quot;,&quot;effect&quot;:&quot;slide&quot;,&quot;speed&quot;:500,&quot;inject_alternative_items&quot;:&quot;&quot;,&quot;injection_items&quot;:[],&quot;scroll_slider_enabled&quot;:&quot;&quot;,&quot;scroll_slider_on&quot;:[&quot;desktop&quot;,&quot;tablet&quot;,&quot;mobile&quot;],&quot;custom_query&quot;:false,&quot;custom_query_id&quot;:&quot;&quot;,&quot;_element_id&quot;:&quot;&quot;,&quot;collapse_first_last_gap&quot;:false,&quot;list_tag_selection&quot;:&quot;&quot;,&quot;list_items_wrapper_tag&quot;:&quot;div&quot;,&quot;list_item_tag&quot;:&quot;div&quot;,&quot;empty_items_wrapper_tag&quot;:&quot;div&quot;}}\" data-page=\"1\" data-pages=\"1\" data-listing-source=\"posts\" data-listing-id=\"76\" data-query-id=\"\"><div class=\"jet-listing-grid__item jet-listing-dynamic-post-2588 jet-equal-columns\" data-post-id=\"2588\"  >\t\t<div data-elementor-type=\"jet-listing-items\" data-elementor-id=\"76\" class=\"elementor elementor-76\" data-elementor-post-type=\"jet-engine\">\n\t\t\t\t\t\t<section class=\"elementor-section elementor-top-section elementor-element elementor-element-ec89328 elementor-section-boxed elementor-section-height-default elementor-section-height-default\" data-id=\"ec89328\" data-element_type=\"section\" data-e-type=\"section\">\n\t\t\t\t\t\t<div class=\"elementor-container elementor-column-gap-default\">\n\t\t\t\t\t<div class=\"elementor-column elementor-col-100 elementor-top-column elementor-element elementor-element-4dc7b61\" data-id=\"4dc7b61\" data-element_type=\"column\" data-e-type=\"column\">\n\t\t\t<div class=\"elementor-widget-wrap elementor-element-populated\">\n\t\t\t\t\t\t<div class=\"elementor-element elementor-element-6dad1f9 aw-vacature-box elementor-bg-transform elementor-bg-transform-zoom-out elementor-cta--skin-classic elementor-animated-content elementor-widget elementor-widget-call-to-action\" data-id=\"6dad1f9\" data-element_type=\"widget\" data-e-type=\"widget\" data-widget_type=\"call-to-action.default\">\n\t\t\t\t<div class=\"elementor-widget-container\">\n\t\t\t\t\t\t\t<a class=\"elementor-cta\" href=\"https:\/\/viewline.nl\/de\/blogs\/glas-klare-kostenstruktur-fuer-das-viewline-schiebetuersystem\/\">\n\t\t\t\t\t<div class=\"elementor-cta__bg-wrapper\">\n\t\t\t\t<div class=\"elementor-cta__bg elementor-bg\" style=\"background-image: url(https:\/\/viewline.nl\/wp-content\/uploads\/2023\/07\/DepontiOverkapping72-Giallo-VL-schuifwand-LR-21.jpg);\" role=\"img\" aria-label=\"DepontiOverkapping72 - Giallo + VL-schuifwand LR (21)\"><\/div>\n\t\t\t\t<div class=\"elementor-cta__bg-overlay\"><\/div>\n\t\t\t<\/div>\n\t\t\t\t\t\t\t<div class=\"elementor-cta__content\">\n\t\t\t\t\n\t\t\t\t\t\t\t\t\t<h2 class=\"elementor-cta__title elementor-cta__content-item elementor-content-item\">\n\t\t\t\t\t\t(Glas) klare kostenstruktur f\u00fcr das viewline-schiebet\u00fcrsystem\t\t\t\t\t<\/h2>\n\t\t\t\t\n\t\t\t\t\n\t\t\t\t\t\t\t\t\t<div class=\"elementor-cta__button-wrapper elementor-cta__content-item elementor-content-item \">\n\t\t\t\t\t<span class=\"elementor-cta__button elementor-button elementor-size-\">\n\t\t\t\t\t\tLees verder\t\t\t\t\t<\/span>\n\t\t\t\t\t<\/div>\n\t\t\t\t\t\t\t<\/div>\n\t\t\t\t\t\t<\/a>\n\t\t\t\t\t\t<\/div>\n\t\t\t\t<\/div>\n\t\t\t\t\t<\/div>\n\t\t<\/div>\n\t\t\t\t\t<\/div>\n\t\t<\/section>\n\t\t\t\t<\/div>\n\t\t<\/div><div class=\"jet-listing-grid__item jet-listing-dynamic-post-2487 jet-equal-columns\" data-post-id=\"2487\"  >\t\t<div data-elementor-type=\"jet-listing-items\" data-elementor-id=\"76\" class=\"elementor elementor-76\" data-elementor-post-type=\"jet-engine\">\n\t\t\t\t\t\t<section class=\"elementor-section elementor-top-section elementor-element elementor-element-ec89328 elementor-section-boxed elementor-section-height-default elementor-section-height-default\" data-id=\"ec89328\" data-element_type=\"section\" data-e-type=\"section\">\n\t\t\t\t\t\t<div class=\"elementor-container elementor-column-gap-default\">\n\t\t\t\t\t<div class=\"elementor-column elementor-col-100 elementor-top-column elementor-element elementor-element-4dc7b61\" data-id=\"4dc7b61\" data-element_type=\"column\" data-e-type=\"column\">\n\t\t\t<div class=\"elementor-widget-wrap elementor-element-populated\">\n\t\t\t\t\t\t<div class=\"elementor-element elementor-element-6dad1f9 aw-vacature-box elementor-bg-transform elementor-bg-transform-zoom-out elementor-cta--skin-classic elementor-animated-content elementor-widget elementor-widget-call-to-action\" data-id=\"6dad1f9\" data-element_type=\"widget\" data-e-type=\"widget\" data-widget_type=\"call-to-action.default\">\n\t\t\t\t<div class=\"elementor-widget-container\">\n\t\t\t\t\t\t\t<a class=\"elementor-cta\" href=\"https:\/\/viewline.nl\/de\/blogs\/entdecken-sie-den-vertikalen-windschutz\/\">\n\t\t\t\t\t<div class=\"elementor-cta__bg-wrapper\">\n\t\t\t\t<div class=\"elementor-cta__bg elementor-bg\" style=\"background-image: url(https:\/\/viewline.nl\/wp-content\/uploads\/2023\/05\/20230209-Header-Viewline-windbreak-650x350-2.png);\" role=\"img\" aria-label=\"Viewline Windscherm\"><\/div>\n\t\t\t\t<div class=\"elementor-cta__bg-overlay\"><\/div>\n\t\t\t<\/div>\n\t\t\t\t\t\t\t<div class=\"elementor-cta__content\">\n\t\t\t\t\n\t\t\t\t\t\t\t\t\t<h2 class=\"elementor-cta__title elementor-cta__content-item elementor-content-item\">\n\t\t\t\t\t\tNeu: Viewline&#8217;s innovative Windschutz\t\t\t\t\t<\/h2>\n\t\t\t\t\n\t\t\t\t\n\t\t\t\t\t\t\t\t\t<div class=\"elementor-cta__button-wrapper elementor-cta__content-item elementor-content-item \">\n\t\t\t\t\t<span class=\"elementor-cta__button elementor-button elementor-size-\">\n\t\t\t\t\t\tLees verder\t\t\t\t\t<\/span>\n\t\t\t\t\t<\/div>\n\t\t\t\t\t\t\t<\/div>\n\t\t\t\t\t\t<\/a>\n\t\t\t\t\t\t<\/div>\n\t\t\t\t<\/div>\n\t\t\t\t\t<\/div>\n\t\t<\/div>\n\t\t\t\t\t<\/div>\n\t\t<\/section>\n\t\t\t\t<\/div>\n\t\t<\/div><div class=\"jet-listing-grid__item jet-listing-dynamic-post-2204 jet-equal-columns\" data-post-id=\"2204\"  >\t\t<div data-elementor-type=\"jet-listing-items\" data-elementor-id=\"76\" class=\"elementor elementor-76\" data-elementor-post-type=\"jet-engine\">\n\t\t\t\t\t\t<section class=\"elementor-section elementor-top-section elementor-element elementor-element-ec89328 elementor-section-boxed elementor-section-height-default elementor-section-height-default\" data-id=\"ec89328\" data-element_type=\"section\" data-e-type=\"section\">\n\t\t\t\t\t\t<div class=\"elementor-container elementor-column-gap-default\">\n\t\t\t\t\t<div class=\"elementor-column elementor-col-100 elementor-top-column elementor-element elementor-element-4dc7b61\" data-id=\"4dc7b61\" data-element_type=\"column\" data-e-type=\"column\">\n\t\t\t<div class=\"elementor-widget-wrap elementor-element-populated\">\n\t\t\t\t\t\t<div class=\"elementor-element elementor-element-6dad1f9 aw-vacature-box elementor-bg-transform elementor-bg-transform-zoom-out elementor-cta--skin-classic elementor-animated-content elementor-widget elementor-widget-call-to-action\" data-id=\"6dad1f9\" data-element_type=\"widget\" data-e-type=\"widget\" data-widget_type=\"call-to-action.default\">\n\t\t\t\t<div class=\"elementor-widget-container\">\n\t\t\t\t\t\t\t<a class=\"elementor-cta\" href=\"https:\/\/viewline.nl\/de\/blogs\/sauberes-glas-fuer-perfekte-sicht-in-zwei-schritten\/\">\n\t\t\t\t\t<div class=\"elementor-cta__bg-wrapper\">\n\t\t\t\t<div class=\"elementor-cta__bg elementor-bg\" style=\"background-image: url(https:\/\/viewline.nl\/wp-content\/uploads\/2023\/01\/Krant.jpg);\" role=\"img\" aria-label=\"Ramen wassen met een krant\"><\/div>\n\t\t\t\t<div class=\"elementor-cta__bg-overlay\"><\/div>\n\t\t\t<\/div>\n\t\t\t\t\t\t\t<div class=\"elementor-cta__content\">\n\t\t\t\t\n\t\t\t\t\t\t\t\t\t<h2 class=\"elementor-cta__title elementor-cta__content-item elementor-content-item\">\n\t\t\t\t\t\tSauberes Glas f\u00fcr perfekte Sicht in zwei Schritten\t\t\t\t\t<\/h2>\n\t\t\t\t\n\t\t\t\t\n\t\t\t\t\t\t\t\t\t<div class=\"elementor-cta__button-wrapper elementor-cta__content-item elementor-content-item \">\n\t\t\t\t\t<span class=\"elementor-cta__button elementor-button elementor-size-\">\n\t\t\t\t\t\tLees verder\t\t\t\t\t<\/span>\n\t\t\t\t\t<\/div>\n\t\t\t\t\t\t\t<\/div>\n\t\t\t\t\t\t<\/a>\n\t\t\t\t\t\t<\/div>\n\t\t\t\t<\/div>\n\t\t\t\t\t<\/div>\n\t\t<\/div>\n\t\t\t\t\t<\/div>\n\t\t<\/section>\n\t\t\t\t<\/div>\n\t\t<\/div><div class=\"jet-listing-grid__item jet-listing-dynamic-post-2177 jet-equal-columns\" data-post-id=\"2177\"  >\t\t<div data-elementor-type=\"jet-listing-items\" data-elementor-id=\"76\" class=\"elementor elementor-76\" data-elementor-post-type=\"jet-engine\">\n\t\t\t\t\t\t<section class=\"elementor-section elementor-top-section elementor-element elementor-element-ec89328 elementor-section-boxed elementor-section-height-default elementor-section-height-default\" data-id=\"ec89328\" data-element_type=\"section\" data-e-type=\"section\">\n\t\t\t\t\t\t<div class=\"elementor-container elementor-column-gap-default\">\n\t\t\t\t\t<div class=\"elementor-column elementor-col-100 elementor-top-column elementor-element elementor-element-4dc7b61\" data-id=\"4dc7b61\" data-element_type=\"column\" data-e-type=\"column\">\n\t\t\t<div class=\"elementor-widget-wrap elementor-element-populated\">\n\t\t\t\t\t\t<div class=\"elementor-element elementor-element-6dad1f9 aw-vacature-box elementor-bg-transform elementor-bg-transform-zoom-out elementor-cta--skin-classic elementor-animated-content elementor-widget elementor-widget-call-to-action\" data-id=\"6dad1f9\" data-element_type=\"widget\" data-e-type=\"widget\" data-widget_type=\"call-to-action.default\">\n\t\t\t\t<div class=\"elementor-widget-container\">\n\t\t\t\t\t\t\t<a class=\"elementor-cta\" href=\"https:\/\/viewline.nl\/de\/blogs\/optimaler-genuss-bei-maximalem-erhalt-der-aussicht\/\">\n\t\t\t\t\t<div class=\"elementor-cta__bg-wrapper\">\n\t\t\t\t<div class=\"elementor-cta__bg elementor-bg\" style=\"background-image: url(https:\/\/viewline.nl\/wp-content\/uploads\/2022\/04\/B.Schuifwand-half-open-Scene-2-2.png);\" role=\"img\" aria-label=\"Viewline schuif-draai wand\"><\/div>\n\t\t\t\t<div class=\"elementor-cta__bg-overlay\"><\/div>\n\t\t\t<\/div>\n\t\t\t\t\t\t\t<div class=\"elementor-cta__content\">\n\t\t\t\t\n\t\t\t\t\t\t\t\t\t<h2 class=\"elementor-cta__title elementor-cta__content-item elementor-content-item\">\n\t\t\t\t\t\tOptimaler Genuss bei maximalem Erhalt der Aussicht\t\t\t\t\t<\/h2>\n\t\t\t\t\n\t\t\t\t\n\t\t\t\t\t\t\t\t\t<div class=\"elementor-cta__button-wrapper elementor-cta__content-item elementor-content-item \">\n\t\t\t\t\t<span class=\"elementor-cta__button elementor-button elementor-size-\">\n\t\t\t\t\t\tLees verder\t\t\t\t\t<\/span>\n\t\t\t\t\t<\/div>\n\t\t\t\t\t\t\t<\/div>\n\t\t\t\t\t\t<\/a>\n\t\t\t\t\t\t<\/div>\n\t\t\t\t<\/div>\n\t\t\t\t\t<\/div>\n\t\t<\/div>\n\t\t\t\t\t<\/div>\n\t\t<\/section>\n\t\t\t\t<\/div>\n\t\t<\/div><div class=\"jet-listing-grid__item jet-listing-dynamic-post-2047 jet-equal-columns\" data-post-id=\"2047\"  >\t\t<div data-elementor-type=\"jet-listing-items\" data-elementor-id=\"76\" class=\"elementor elementor-76\" data-elementor-post-type=\"jet-engine\">\n\t\t\t\t\t\t<section class=\"elementor-section elementor-top-section elementor-element elementor-element-ec89328 elementor-section-boxed elementor-section-height-default elementor-section-height-default\" data-id=\"ec89328\" data-element_type=\"section\" data-e-type=\"section\">\n\t\t\t\t\t\t<div class=\"elementor-container elementor-column-gap-default\">\n\t\t\t\t\t<div class=\"elementor-column elementor-col-100 elementor-top-column elementor-element elementor-element-4dc7b61\" data-id=\"4dc7b61\" data-element_type=\"column\" data-e-type=\"column\">\n\t\t\t<div class=\"elementor-widget-wrap elementor-element-populated\">\n\t\t\t\t\t\t<div class=\"elementor-element elementor-element-6dad1f9 aw-vacature-box elementor-bg-transform elementor-bg-transform-zoom-out elementor-cta--skin-classic elementor-animated-content elementor-widget elementor-widget-call-to-action\" data-id=\"6dad1f9\" data-element_type=\"widget\" data-e-type=\"widget\" data-widget_type=\"call-to-action.default\">\n\t\t\t\t<div class=\"elementor-widget-container\">\n\t\t\t\t\t\t\t<a class=\"elementor-cta\" href=\"https:\/\/viewline.nl\/de\/blogs\/geef-uw-vouwwand-een-draai-met-viewline\/\">\n\t\t\t\t\t<div class=\"elementor-cta__bg-wrapper\">\n\t\t\t\t<div class=\"elementor-cta__bg elementor-bg\" style=\"background-image: url(https:\/\/viewline.nl\/wp-content\/uploads\/2022\/10\/Van-buiten-dicht-400x225px.png);\" role=\"img\" aria-label=\"Viewline outside\"><\/div>\n\t\t\t\t<div class=\"elementor-cta__bg-overlay\"><\/div>\n\t\t\t<\/div>\n\t\t\t\t\t\t\t<div class=\"elementor-cta__content\">\n\t\t\t\t\n\t\t\t\t\t\t\t\t\t<h2 class=\"elementor-cta__title elementor-cta__content-item elementor-content-item\">\n\t\t\t\t\t\tVerleihen Sie Ihrer Faltwand einen neuen Dreh mit Viewline\t\t\t\t\t<\/h2>\n\t\t\t\t\n\t\t\t\t\n\t\t\t\t\t\t\t\t\t<div class=\"elementor-cta__button-wrapper elementor-cta__content-item elementor-content-item \">\n\t\t\t\t\t<span class=\"elementor-cta__button elementor-button elementor-size-\">\n\t\t\t\t\t\tLees verder\t\t\t\t\t<\/span>\n\t\t\t\t\t<\/div>\n\t\t\t\t\t\t\t<\/div>\n\t\t\t\t\t\t<\/a>\n\t\t\t\t\t\t<\/div>\n\t\t\t\t<\/div>\n\t\t\t\t\t<\/div>\n\t\t<\/div>\n\t\t\t\t\t<\/div>\n\t\t<\/section>\n\t\t\t\t<\/div>\n\t\t<\/div><\/div><\/div>\t\t\t\t<\/div>\n\t\t\t\t<\/div>\n\t\t\t\t\t<\/div>\n\t\t<\/div>\n\t\t\t\t\t<\/div>\n\t\t<\/section>\n\t\t\t\t<\/div>\n\t\t","protected":false},"excerpt":{"rendered":"<p>Blogs Willkommen auf unserer Blog-Seite. Bleiben Sie durch unsere Berichte \u00fcber die Produkte von Viewline auf dem Laufenden. Wir stellen Ihnen Anleitungen, Tipps und Tricks zur Verf\u00fcgung. Kurzum: Entdecken Sie alles \u00fcber Glassysteme, angereichert mit inspirierenden Bildern. Lassen Sie sich inspirieren und hinterlassen Sie eine Frage oder einen Kommentar \u00fcber unser Kontaktformular. Lees verder Lees [&hellip;]<\/p>\n","protected":false},"author":2,"featured_media":1194,"parent":0,"menu_order":0,"comment_status":"closed","ping_status":"closed","template":"","meta":{"footnotes":""},"class_list":["post-1366","page","type-page","status-publish","has-post-thumbnail","hentry"],"yoast_head":"<!-- This site is optimized with the Yoast SEO plugin v27.2 - https:\/\/yoast.com\/product\/yoast-seo-wordpress\/ -->\n<title>Inspirations-Blogs - Deponti<\/title>\n<meta name=\"description\" content=\"Blogs - Bleiben Sie durch unsere Berichte \u00fcber die Produkte von Viewline informiert. Wir stellen Ihnen Anleitungen, Tipps und Tricks zur Verf\u00fcgung.\" \/>\n<meta name=\"robots\" content=\"index, follow, max-snippet:-1, max-image-preview:large, max-video-preview:-1\" \/>\n<link rel=\"canonical\" href=\"https:\/\/viewline.nl\/de\/inspirations-blogs\/\" \/>\n<meta property=\"og:locale\" content=\"de_DE\" \/>\n<meta property=\"og:type\" content=\"article\" \/>\n<meta property=\"og:title\" content=\"Inspirations-Blogs - Deponti\" \/>\n<meta property=\"og:description\" content=\"Blogs - Bleiben Sie durch unsere Berichte \u00fcber die Produkte von Viewline informiert. Wir stellen Ihnen Anleitungen, Tipps und Tricks zur Verf\u00fcgung.\" \/>\n<meta property=\"og:url\" content=\"https:\/\/viewline.nl\/de\/inspirations-blogs\/\" \/>\n<meta property=\"og:site_name\" content=\"Deponti\" \/>\n<meta property=\"article:modified_time\" content=\"2023-12-15T14:43:50+00:00\" \/>\n<meta property=\"og:image\" content=\"https:\/\/viewline.nl\/wp-content\/uploads\/2021\/11\/B.Schuifwand-half-open-Scene-2-2.png\" \/>\n\t<meta property=\"og:image:width\" content=\"1920\" \/>\n\t<meta property=\"og:image:height\" content=\"1080\" \/>\n\t<meta property=\"og:image:type\" content=\"image\/png\" \/>\n<meta name=\"twitter:card\" content=\"summary_large_image\" \/>\n<script type=\"application\/ld+json\" class=\"yoast-schema-graph\">{\"@context\":\"https:\/\/schema.org\",\"@graph\":[{\"@type\":\"WebPage\",\"@id\":\"https:\/\/viewline.nl\/de\/inspirations-blogs\/\",\"url\":\"https:\/\/viewline.nl\/de\/inspirations-blogs\/\",\"name\":\"Inspirations-Blogs - Deponti\",\"isPartOf\":{\"@id\":\"https:\/\/viewline.nl\/de\/#website\"},\"primaryImageOfPage\":{\"@id\":\"https:\/\/viewline.nl\/de\/inspirations-blogs\/#primaryimage\"},\"image\":{\"@id\":\"https:\/\/viewline.nl\/de\/inspirations-blogs\/#primaryimage\"},\"thumbnailUrl\":\"https:\/\/viewline.nl\/wp-content\/uploads\/2021\/11\/B.Schuifwand-half-open-Scene-2-2.png\",\"datePublished\":\"2022-07-04T14:30:39+00:00\",\"dateModified\":\"2023-12-15T14:43:50+00:00\",\"description\":\"Blogs - Bleiben Sie durch unsere Berichte \u00fcber die Produkte von Viewline informiert. Wir stellen Ihnen Anleitungen, Tipps und Tricks zur Verf\u00fcgung.\",\"breadcrumb\":{\"@id\":\"https:\/\/viewline.nl\/de\/inspirations-blogs\/#breadcrumb\"},\"inLanguage\":\"de\",\"potentialAction\":[{\"@type\":\"ReadAction\",\"target\":[\"https:\/\/viewline.nl\/de\/inspirations-blogs\/\"]}]},{\"@type\":\"ImageObject\",\"inLanguage\":\"de\",\"@id\":\"https:\/\/viewline.nl\/de\/inspirations-blogs\/#primaryimage\",\"url\":\"https:\/\/viewline.nl\/wp-content\/uploads\/2021\/11\/B.Schuifwand-half-open-Scene-2-2.png\",\"contentUrl\":\"https:\/\/viewline.nl\/wp-content\/uploads\/2021\/11\/B.Schuifwand-half-open-Scene-2-2.png\",\"width\":1920,\"height\":1080},{\"@type\":\"BreadcrumbList\",\"@id\":\"https:\/\/viewline.nl\/de\/inspirations-blogs\/#breadcrumb\",\"itemListElement\":[{\"@type\":\"ListItem\",\"position\":1,\"name\":\"Home\",\"item\":\"https:\/\/viewline.nl\/de\/home\/\"},{\"@type\":\"ListItem\",\"position\":2,\"name\":\"Inspirations-Blogs\"}]},{\"@type\":\"WebSite\",\"@id\":\"https:\/\/viewline.nl\/de\/#website\",\"url\":\"https:\/\/viewline.nl\/de\/\",\"name\":\"Deponti\",\"description\":\"\",\"publisher\":{\"@id\":\"https:\/\/viewline.nl\/de\/#organization\"},\"potentialAction\":[{\"@type\":\"SearchAction\",\"target\":{\"@type\":\"EntryPoint\",\"urlTemplate\":\"https:\/\/viewline.nl\/de\/?s={search_term_string}\"},\"query-input\":{\"@type\":\"PropertyValueSpecification\",\"valueRequired\":true,\"valueName\":\"search_term_string\"}}],\"inLanguage\":\"de\"},{\"@type\":\"Organization\",\"@id\":\"https:\/\/viewline.nl\/de\/#organization\",\"name\":\"Deponti\",\"url\":\"https:\/\/viewline.nl\/de\/\",\"logo\":{\"@type\":\"ImageObject\",\"inLanguage\":\"de\",\"@id\":\"https:\/\/viewline.nl\/de\/#\/schema\/logo\/image\/\",\"url\":\"https:\/\/viewline.nl\/wp-content\/uploads\/2021\/11\/Viewline-logo-groot.jpg\",\"contentUrl\":\"https:\/\/viewline.nl\/wp-content\/uploads\/2021\/11\/Viewline-logo-groot.jpg\",\"width\":1417,\"height\":1417,\"caption\":\"Deponti \"},\"image\":{\"@id\":\"https:\/\/viewline.nl\/de\/#\/schema\/logo\/image\/\"}}]}<\/script>\n<!-- \/ Yoast SEO plugin. -->","yoast_head_json":{"title":"Inspirations-Blogs - Deponti","description":"Blogs - Bleiben Sie durch unsere Berichte \u00fcber die Produkte von Viewline informiert. Wir stellen Ihnen Anleitungen, Tipps und Tricks zur Verf\u00fcgung.","robots":{"index":"index","follow":"follow","max-snippet":"max-snippet:-1","max-image-preview":"max-image-preview:large","max-video-preview":"max-video-preview:-1"},"canonical":"https:\/\/viewline.nl\/de\/inspirations-blogs\/","og_locale":"de_DE","og_type":"article","og_title":"Inspirations-Blogs - Deponti","og_description":"Blogs - Bleiben Sie durch unsere Berichte \u00fcber die Produkte von Viewline informiert. Wir stellen Ihnen Anleitungen, Tipps und Tricks zur Verf\u00fcgung.","og_url":"https:\/\/viewline.nl\/de\/inspirations-blogs\/","og_site_name":"Deponti","article_modified_time":"2023-12-15T14:43:50+00:00","og_image":[{"width":1920,"height":1080,"url":"https:\/\/viewline.nl\/wp-content\/uploads\/2021\/11\/B.Schuifwand-half-open-Scene-2-2.png","type":"image\/png"}],"twitter_card":"summary_large_image","schema":{"@context":"https:\/\/schema.org","@graph":[{"@type":"WebPage","@id":"https:\/\/viewline.nl\/de\/inspirations-blogs\/","url":"https:\/\/viewline.nl\/de\/inspirations-blogs\/","name":"Inspirations-Blogs - Deponti","isPartOf":{"@id":"https:\/\/viewline.nl\/de\/#website"},"primaryImageOfPage":{"@id":"https:\/\/viewline.nl\/de\/inspirations-blogs\/#primaryimage"},"image":{"@id":"https:\/\/viewline.nl\/de\/inspirations-blogs\/#primaryimage"},"thumbnailUrl":"https:\/\/viewline.nl\/wp-content\/uploads\/2021\/11\/B.Schuifwand-half-open-Scene-2-2.png","datePublished":"2022-07-04T14:30:39+00:00","dateModified":"2023-12-15T14:43:50+00:00","description":"Blogs - Bleiben Sie durch unsere Berichte \u00fcber die Produkte von Viewline informiert. Wir stellen Ihnen Anleitungen, Tipps und Tricks zur Verf\u00fcgung.","breadcrumb":{"@id":"https:\/\/viewline.nl\/de\/inspirations-blogs\/#breadcrumb"},"inLanguage":"de","potentialAction":[{"@type":"ReadAction","target":["https:\/\/viewline.nl\/de\/inspirations-blogs\/"]}]},{"@type":"ImageObject","inLanguage":"de","@id":"https:\/\/viewline.nl\/de\/inspirations-blogs\/#primaryimage","url":"https:\/\/viewline.nl\/wp-content\/uploads\/2021\/11\/B.Schuifwand-half-open-Scene-2-2.png","contentUrl":"https:\/\/viewline.nl\/wp-content\/uploads\/2021\/11\/B.Schuifwand-half-open-Scene-2-2.png","width":1920,"height":1080},{"@type":"BreadcrumbList","@id":"https:\/\/viewline.nl\/de\/inspirations-blogs\/#breadcrumb","itemListElement":[{"@type":"ListItem","position":1,"name":"Home","item":"https:\/\/viewline.nl\/de\/home\/"},{"@type":"ListItem","position":2,"name":"Inspirations-Blogs"}]},{"@type":"WebSite","@id":"https:\/\/viewline.nl\/de\/#website","url":"https:\/\/viewline.nl\/de\/","name":"Deponti","description":"","publisher":{"@id":"https:\/\/viewline.nl\/de\/#organization"},"potentialAction":[{"@type":"SearchAction","target":{"@type":"EntryPoint","urlTemplate":"https:\/\/viewline.nl\/de\/?s={search_term_string}"},"query-input":{"@type":"PropertyValueSpecification","valueRequired":true,"valueName":"search_term_string"}}],"inLanguage":"de"},{"@type":"Organization","@id":"https:\/\/viewline.nl\/de\/#organization","name":"Deponti","url":"https:\/\/viewline.nl\/de\/","logo":{"@type":"ImageObject","inLanguage":"de","@id":"https:\/\/viewline.nl\/de\/#\/schema\/logo\/image\/","url":"https:\/\/viewline.nl\/wp-content\/uploads\/2021\/11\/Viewline-logo-groot.jpg","contentUrl":"https:\/\/viewline.nl\/wp-content\/uploads\/2021\/11\/Viewline-logo-groot.jpg","width":1417,"height":1417,"caption":"Deponti "},"image":{"@id":"https:\/\/viewline.nl\/de\/#\/schema\/logo\/image\/"}}]}},"_links":{"self":[{"href":"https:\/\/viewline.nl\/de\/wp-json\/wp\/v2\/pages\/1366","targetHints":{"allow":["GET"]}}],"collection":[{"href":"https:\/\/viewline.nl\/de\/wp-json\/wp\/v2\/pages"}],"about":[{"href":"https:\/\/viewline.nl\/de\/wp-json\/wp\/v2\/types\/page"}],"author":[{"embeddable":true,"href":"https:\/\/viewline.nl\/de\/wp-json\/wp\/v2\/users\/2"}],"replies":[{"embeddable":true,"href":"https:\/\/viewline.nl\/de\/wp-json\/wp\/v2\/comments?post=1366"}],"version-history":[{"count":6,"href":"https:\/\/viewline.nl\/de\/wp-json\/wp\/v2\/pages\/1366\/revisions"}],"predecessor-version":[{"id":3018,"href":"https:\/\/viewline.nl\/de\/wp-json\/wp\/v2\/pages\/1366\/revisions\/3018"}],"wp:featuredmedia":[{"embeddable":true,"href":"https:\/\/viewline.nl\/de\/wp-json\/wp\/v2\/media\/1194"}],"wp:attachment":[{"href":"https:\/\/viewline.nl\/de\/wp-json\/wp\/v2\/media?parent=1366"}],"curies":[{"name":"wp","href":"https:\/\/api.w.org\/{rel}","templated":true}]}}