{"id":1372,"date":"2022-07-04T14:42:16","date_gmt":"2022-07-04T14:42:16","guid":{"rendered":"https:\/\/viewline.nl\/angebot-anfragen\/"},"modified":"2024-04-02T09:31:52","modified_gmt":"2024-04-02T09:31:52","slug":"angebot-anfragen","status":"publish","type":"page","link":"https:\/\/viewline.nl\/de\/angebot-anfragen\/","title":{"rendered":"Angebot anfragen"},"content":{"rendered":"\t\t<div data-elementor-type=\"wp-page\" data-elementor-id=\"1372\" class=\"elementor elementor-1372 elementor-41\" data-elementor-post-type=\"page\">\n\t\t\t\t\t\t<section class=\"elementor-section elementor-top-section elementor-element elementor-element-2da528c elementor-section-boxed elementor-section-height-default elementor-section-height-default\" data-id=\"2da528c\" data-element_type=\"section\" data-e-type=\"section\">\n\t\t\t\t\t\t<div class=\"elementor-container elementor-column-gap-default\">\n\t\t\t\t\t<div class=\"elementor-column elementor-col-100 elementor-top-column elementor-element elementor-element-a238e86\" data-id=\"a238e86\" data-element_type=\"column\" data-e-type=\"column\">\n\t\t\t<div class=\"elementor-widget-wrap elementor-element-populated\">\n\t\t\t\t\t\t<div class=\"elementor-element elementor-element-c965548 elementor-widget elementor-widget-heading\" data-id=\"c965548\" data-element_type=\"widget\" data-e-type=\"widget\" data-widget_type=\"heading.default\">\n\t\t\t\t<div class=\"elementor-widget-container\">\n\t\t\t\t\t<h2 class=\"elementor-heading-title elementor-size-default\">Neugierig auf die Kosten?<\/h2>\t\t\t\t<\/div>\n\t\t\t\t<\/div>\n\t\t\t\t<div class=\"elementor-element elementor-element-5493b23 elementor-widget elementor-widget-heading\" data-id=\"5493b23\" data-element_type=\"widget\" data-e-type=\"widget\" data-widget_type=\"heading.default\">\n\t\t\t\t<div class=\"elementor-widget-container\">\n\t\t\t\t\t<span class=\"elementor-heading-title elementor-size-default\">Fordern Sie dann mit dem unten stehenden Formular ein Angebot an.<\/span>\t\t\t\t<\/div>\n\t\t\t\t<\/div>\n\t\t\t\t\t<\/div>\n\t\t<\/div>\n\t\t\t\t\t<\/div>\n\t\t<\/section>\n\t\t\t\t<section class=\"elementor-section elementor-top-section elementor-element elementor-element-d08bbd7 elementor-section-boxed elementor-section-height-default elementor-section-height-default\" data-id=\"d08bbd7\" data-element_type=\"section\" data-e-type=\"section\">\n\t\t\t\t\t\t<div class=\"elementor-container elementor-column-gap-default\">\n\t\t\t\t\t<div class=\"elementor-column elementor-col-100 elementor-top-column elementor-element elementor-element-d0742c0\" data-id=\"d0742c0\" data-element_type=\"column\" data-e-type=\"column\">\n\t\t\t<div class=\"elementor-widget-wrap elementor-element-populated\">\n\t\t\t\t\t\t<div class=\"elementor-element elementor-element-15d8f02 elementor-widget elementor-widget-text-editor\" data-id=\"15d8f02\" data-element_type=\"widget\" data-e-type=\"widget\" data-widget_type=\"text-editor.default\">\n\t\t\t\t<div class=\"elementor-widget-container\">\n\t\t\t\t\t\t\t\t\t<p>Vielen Dank f\u00fcr Ihr Interesse an unseren Produkten. Bitte geben Sie unten Ihre Kontaktdaten ein, um ein Angebot anzufordern. Wir sorgen daf\u00fcr, dass sich eine unserer ausgew\u00e4hlten Verkaufsstellen in Ihrer N\u00e4he telefonisch mit Ihnen in Verbindung setzt.<\/p>\n<p>Wir m\u00f6chten Ihnen den bestm\u00f6glichen Service bieten. Wir m\u00f6chten Ihnen auch eine realistische Preisangabe machen. Aus diesem Grund bitten wir Sie, die aktuelle Situation und Ihre W\u00fcnsche bez\u00fcglich der Abmessungen und des Einbaus so genau wie m\u00f6glich zu beschreiben. Bei der Angebotsanfrage bitten wir Sie, ein Foto oder eine Skizze der (zuk\u00fcnftigen) Situation beizuf\u00fcgen.<\/p>\n\t\t\t\t\t\t\t\t<\/div>\n\t\t\t\t<\/div>\n\t\t\t\t<div class=\"elementor-element elementor-element-b018b5b elementor-button-align-start elementor-widget elementor-widget-form\" data-id=\"b018b5b\" data-element_type=\"widget\" data-e-type=\"widget\" data-settings=\"{&quot;step_next_label&quot;:&quot;N\\u00e4chste&quot;,&quot;step_previous_label&quot;:&quot;Vorherige&quot;,&quot;button_width&quot;:&quot;100&quot;,&quot;step_type&quot;:&quot;number_text&quot;,&quot;step_icon_shape&quot;:&quot;circle&quot;}\" data-widget_type=\"form.default\">\n\t\t\t\t<div class=\"elementor-widget-container\">\n\t\t\t\t\t\t\t<form class=\"elementor-form\" method=\"post\" name=\"Offerte form DE\" aria-label=\"Offerte form DE\">\n\t\t\t<input type=\"hidden\" name=\"post_id\" value=\"1372\"\/>\n\t\t\t<input type=\"hidden\" name=\"form_id\" value=\"b018b5b\"\/>\n\t\t\t<input type=\"hidden\" name=\"referer_title\" value=\"Deponti\" \/>\n\n\t\t\t\n\t\t\t<div class=\"elementor-form-fields-wrapper elementor-labels-\">\n\t\t\t\t\t\t\t\t<div class=\"elementor-field-type-text elementor-field-group elementor-column elementor-field-group-name elementor-col-50 elementor-field-required\">\n\t\t\t\t\t\t\t\t\t\t\t\t<label for=\"form-field-name\" class=\"elementor-field-label elementor-screen-only\">\n\t\t\t\t\t\t\t\tName\t\t\t\t\t\t\t<\/label>\n\t\t\t\t\t\t\t\t\t\t\t\t\t\t<input size=\"1\" type=\"text\" name=\"form_fields[name]\" id=\"form-field-name\" class=\"elementor-field elementor-size-sm  elementor-field-textual\" placeholder=\"Nachname\" required=\"required\">\n\t\t\t\t\t\t\t\t\t\t\t<\/div>\n\t\t\t\t\t\t\t\t<div class=\"elementor-field-type-text elementor-field-group elementor-column elementor-field-group-field_a682911 elementor-col-50 elementor-field-required\">\n\t\t\t\t\t\t\t\t\t\t\t\t<label for=\"form-field-field_a682911\" class=\"elementor-field-label elementor-screen-only\">\n\t\t\t\t\t\t\t\tIhr Wohnort\t\t\t\t\t\t\t<\/label>\n\t\t\t\t\t\t\t\t\t\t\t\t\t\t<input size=\"1\" type=\"text\" name=\"form_fields[field_a682911]\" id=\"form-field-field_a682911\" class=\"elementor-field elementor-size-sm  elementor-field-textual\" placeholder=\"Ihr Wohnort\" required=\"required\">\n\t\t\t\t\t\t\t\t\t\t\t<\/div>\n\t\t\t\t\t\t\t\t<div class=\"elementor-field-type-email elementor-field-group elementor-column elementor-field-group-email elementor-col-50 elementor-field-required\">\n\t\t\t\t\t\t\t\t\t\t\t\t<label for=\"form-field-email\" class=\"elementor-field-label elementor-screen-only\">\n\t\t\t\t\t\t\t\tE-Mail-Addresse\t\t\t\t\t\t\t<\/label>\n\t\t\t\t\t\t\t\t\t\t\t\t\t\t<input size=\"1\" type=\"email\" name=\"form_fields[email]\" id=\"form-field-email\" class=\"elementor-field elementor-size-sm  elementor-field-textual\" placeholder=\"E-Mail-Addresse\" required=\"required\">\n\t\t\t\t\t\t\t\t\t\t\t<\/div>\n\t\t\t\t\t\t\t\t<div class=\"elementor-field-type-tel elementor-field-group elementor-column elementor-field-group-field_2cf153c elementor-col-50 elementor-field-required\">\n\t\t\t\t\t\t\t\t\t\t\t\t<label for=\"form-field-field_2cf153c\" class=\"elementor-field-label elementor-screen-only\">\n\t\t\t\t\t\t\t\tTelefonnummer\t\t\t\t\t\t\t<\/label>\n\t\t\t\t\t\t\t\t<input size=\"1\" type=\"tel\" name=\"form_fields[field_2cf153c]\" id=\"form-field-field_2cf153c\" class=\"elementor-field elementor-size-sm  elementor-field-textual\" placeholder=\"Telefonnummer\" required=\"required\" pattern=\"[0-9()#&amp;+*-=.]+\" title=\"Nur Nummern oder Telefon-Zeichen (#, -, *, etc) werden akzeptiert.\">\n\n\t\t\t\t\t\t<\/div>\n\t\t\t\t\t\t\t\t<div class=\"elementor-field-type-textarea elementor-field-group elementor-column elementor-field-group-field_13622f5 elementor-col-100 elementor-field-required\">\n\t\t\t\t\t\t\t\t\t\t\t\t<label for=\"form-field-field_13622f5\" class=\"elementor-field-label elementor-screen-only\">\n\t\t\t\t\t\t\t\tErl\u00e4uterung der Situation\t\t\t\t\t\t\t<\/label>\n\t\t\t\t\t\t<textarea class=\"elementor-field-textual elementor-field  elementor-size-sm\" name=\"form_fields[field_13622f5]\" id=\"form-field-field_13622f5\" rows=\"6\" placeholder=\"Beschreiben Sie die Situation, in der das System installiert werden soll, und die gew\u00fcnschten Abmessungen. Dies ist notwendig, um Ihnen einen guten Anhaltspunkt f\u00fcr die Kosten zu geben.\" required=\"required\"><\/textarea>\t\t\t\t<\/div>\n\t\t\t\t\t\t\t\t<div class=\"elementor-field-type-upload elementor-field-group elementor-column elementor-field-group-field_f33b35f elementor-col-100\">\n\t\t\t\t\t\t\t\t\t\t\t\t<label for=\"form-field-field_f33b35f\" class=\"elementor-field-label elementor-screen-only\">\n\t\t\t\t\t\t\t\tF\u00fcgen Sie ein Foto oder eine Skizze der Situation hinzu (optional)\t\t\t\t\t\t\t<\/label>\n\t\t\t\t\t\t\t\t<input type=\"file\" name=\"form_fields[field_f33b35f][]\" id=\"form-field-field_f33b35f\" class=\"elementor-field elementor-size-sm  elementor-upload-field\" multiple=\"multiple\" data-maxsize=\"15\" data-maxsize-message=\"Diese Datei \u00fcbersteigt die maximale Dateigr\u00f6\u00dfe.\">\n\n\t\t\t\t\t\t<\/div>\n\t\t\t\t\t\t\t\t<div class=\"elementor-field-type-select elementor-field-group elementor-column elementor-field-group-field_1ddd574 elementor-col-100 elementor-field-required\">\n\t\t\t\t\t\t\t\t\t\t\t\t<label for=\"form-field-field_1ddd574\" class=\"elementor-field-label elementor-screen-only\">\n\t\t\t\t\t\t\t\tWie haben Sie uns gefunden?\t\t\t\t\t\t\t<\/label>\n\t\t\t\t\t\t\t\t<div class=\"elementor-field elementor-select-wrapper remove-before \">\n\t\t\t<div class=\"select-caret-down-wrapper\">\n\t\t\t\t<i aria-hidden=\"true\" class=\"eicon-caret-down\"><\/i>\t\t\t<\/div>\n\t\t\t<select name=\"form_fields[field_1ddd574]\" id=\"form-field-field_1ddd574\" class=\"elementor-field-textual elementor-size-sm\" required=\"required\">\n\t\t\t\t\t\t\t\t\t<option value=\"Wie haben Sie uns gefunden?\">Wie haben Sie uns gefunden?<\/option>\n\t\t\t\t\t\t\t\t\t<option value=\"Google\">Google<\/option>\n\t\t\t\t\t\t\t\t\t<option value=\"Social Media\">Social Media<\/option>\n\t\t\t\t\t\t\t\t\t<option value=\"Mund zu Mund\">Mund zu Mund<\/option>\n\t\t\t\t\t\t\t\t\t<option value=\"Andernfalls\">Andernfalls<\/option>\n\t\t\t\t\t\t\t<\/select>\n\t\t<\/div>\n\t\t\t\t\t\t<\/div>\n\t\t\t\t\t\t\t\t<div class=\"elementor-field-type-acceptance elementor-field-group elementor-column elementor-field-group-field_8c5b5cd elementor-col-100 elementor-field-required\">\n\t\t\t\t\t\t\t\t\t\t\t\t<label for=\"form-field-field_8c5b5cd\" class=\"elementor-field-label elementor-screen-only\">\n\t\t\t\t\t\t\t\tDSGVO Vereinbarung\t\t\t\t\t\t\t<\/label>\n\t\t\t\t\t\t\t\t<div class=\"elementor-field-subgroup\">\n\t\t\t<span class=\"elementor-field-option\">\n\t\t\t\t<input type=\"checkbox\" name=\"form_fields[field_8c5b5cd]\" id=\"form-field-field_8c5b5cd\" class=\"elementor-field elementor-size-sm  elementor-acceptance-field\" required=\"required\">\n\t\t\t\t<label for=\"form-field-field_8c5b5cd\">Ja, ich bin damit einverstanden, dass ein Viewline-H\u00e4ndler aus meiner Region mich (telefonisch) bez\u00fcglich dieser Angebotsanfrage kontaktiert.<\/label>\t\t\t<\/span>\n\t\t<\/div>\n\t\t\t\t\t\t<\/div>\n\t\t\t\t\t\t\t\t<div class=\"elementor-field-group elementor-column elementor-field-type-submit elementor-col-100 e-form__buttons\">\n\t\t\t\t\t<button class=\"elementor-button elementor-size-sm\" type=\"submit\">\n\t\t\t\t\t\t<span class=\"elementor-button-content-wrapper\">\n\t\t\t\t\t\t\t\t\t\t\t\t\t\t\t\t\t\t\t\t\t\t<span class=\"elementor-button-text\">Senden<\/span>\n\t\t\t\t\t\t\t\t\t\t\t\t\t<\/span>\n\t\t\t\t\t<\/button>\n\t\t\t\t<\/div>\n\t\t\t<\/div>\n\t\t<\/form>\n\t\t\t\t\t\t<\/div>\n\t\t\t\t<\/div>\n\t\t\t\t\t<\/div>\n\t\t<\/div>\n\t\t\t\t\t<\/div>\n\t\t<\/section>\n\t\t\t\t<section class=\"elementor-section elementor-top-section elementor-element elementor-element-f20dc78 elementor-section-full_width elementor-section-height-min-height elementor-section-height-default elementor-section-items-middle\" data-id=\"f20dc78\" data-element_type=\"section\" data-e-type=\"section\" data-settings=\"{&quot;background_background&quot;:&quot;classic&quot;}\">\n\t\t\t\t\t\t<div class=\"elementor-container elementor-column-gap-default\">\n\t\t\t\t\t<div class=\"elementor-column elementor-col-100 elementor-top-column elementor-element elementor-element-7203da6\" data-id=\"7203da6\" data-element_type=\"column\" data-e-type=\"column\">\n\t\t\t<div class=\"elementor-widget-wrap\">\n\t\t\t\t\t\t\t<\/div>\n\t\t<\/div>\n\t\t\t\t\t<\/div>\n\t\t<\/section>\n\t\t\t\t<section class=\"elementor-section elementor-top-section elementor-element elementor-element-8e9c49b elementor-section-boxed elementor-section-height-default elementor-section-height-default\" data-id=\"8e9c49b\" data-element_type=\"section\" data-e-type=\"section\">\n\t\t\t\t\t\t<div class=\"elementor-container elementor-column-gap-default\">\n\t\t\t\t\t<div class=\"elementor-column elementor-col-50 elementor-top-column elementor-element elementor-element-2d9c74c\" data-id=\"2d9c74c\" data-element_type=\"column\" data-e-type=\"column\">\n\t\t\t<div class=\"elementor-widget-wrap elementor-element-populated\">\n\t\t\t\t\t\t<div class=\"elementor-element elementor-element-2dbd522 elementor-widget elementor-widget-heading\" data-id=\"2dbd522\" data-element_type=\"widget\" data-e-type=\"widget\" data-widget_type=\"heading.default\">\n\t\t\t\t<div class=\"elementor-widget-container\">\n\t\t\t\t\t<p class=\"elementor-heading-title elementor-size-default\">Schiebe-Dreh-System<\/p>\t\t\t\t<\/div>\n\t\t\t\t<\/div>\n\t\t\t\t<div class=\"elementor-element elementor-element-b137204 elementor-widget elementor-widget-image\" data-id=\"b137204\" data-element_type=\"widget\" data-e-type=\"widget\" data-widget_type=\"image.default\">\n\t\t\t\t<div class=\"elementor-widget-container\">\n\t\t\t\t\t\t\t\t\t\t\t\t\t\t\t<img fetchpriority=\"high\" decoding=\"async\" width=\"800\" height=\"440\" src=\"https:\/\/viewline.nl\/wp-content\/uploads\/2023\/11\/Schuif-draaisysteem-1024x563.png\" class=\"attachment-large size-large wp-image-2779\" alt=\"\" srcset=\"https:\/\/viewline.nl\/wp-content\/uploads\/2023\/11\/Schuif-draaisysteem-1024x563.png 1024w, https:\/\/viewline.nl\/wp-content\/uploads\/2023\/11\/Schuif-draaisysteem-300x165.png 300w, https:\/\/viewline.nl\/wp-content\/uploads\/2023\/11\/Schuif-draaisysteem-768x422.png 768w, https:\/\/viewline.nl\/wp-content\/uploads\/2023\/11\/Schuif-draaisysteem-1536x844.png 1536w, https:\/\/viewline.nl\/wp-content\/uploads\/2023\/11\/Schuif-draaisysteem.png 1572w\" sizes=\"(max-width: 800px) 100vw, 800px\" \/>\t\t\t\t\t\t\t\t\t\t\t\t\t\t\t<\/div>\n\t\t\t\t<\/div>\n\t\t\t\t<div class=\"elementor-element elementor-element-9ba5552 elementor-align-center elementor-widget elementor-widget-button\" data-id=\"9ba5552\" data-element_type=\"widget\" data-e-type=\"widget\" data-widget_type=\"button.default\">\n\t\t\t\t<div class=\"elementor-widget-container\">\n\t\t\t\t\t\t\t\t\t<div class=\"elementor-button-wrapper\">\n\t\t\t\t\t<a class=\"elementor-button elementor-button-link elementor-size-sm\" href=\"https:\/\/viewline.nl\/de\/viewline-produkte\/product\/\">\n\t\t\t\t\t\t<span class=\"elementor-button-content-wrapper\">\n\t\t\t\t\t\t\t\t\t<span class=\"elementor-button-text\">Mehr lesen<\/span>\n\t\t\t\t\t<\/span>\n\t\t\t\t\t<\/a>\n\t\t\t\t<\/div>\n\t\t\t\t\t\t\t\t<\/div>\n\t\t\t\t<\/div>\n\t\t\t\t\t<\/div>\n\t\t<\/div>\n\t\t\t\t<div class=\"elementor-column elementor-col-50 elementor-top-column elementor-element elementor-element-ef58906\" data-id=\"ef58906\" data-element_type=\"column\" data-e-type=\"column\">\n\t\t\t<div class=\"elementor-widget-wrap elementor-element-populated\">\n\t\t\t\t\t\t<div class=\"elementor-element elementor-element-a87c8ca elementor-widget elementor-widget-heading\" data-id=\"a87c8ca\" data-element_type=\"widget\" data-e-type=\"widget\" data-widget_type=\"heading.default\">\n\t\t\t\t<div class=\"elementor-widget-container\">\n\t\t\t\t\t<p class=\"elementor-heading-title elementor-size-default\">Windschutz<\/p>\t\t\t\t<\/div>\n\t\t\t\t<\/div>\n\t\t\t\t<div class=\"elementor-element elementor-element-bea95dd elementor-widget elementor-widget-image\" data-id=\"bea95dd\" data-element_type=\"widget\" data-e-type=\"widget\" data-widget_type=\"image.default\">\n\t\t\t\t<div class=\"elementor-widget-container\">\n\t\t\t\t\t\t\t\t\t\t\t\t\t\t\t<img decoding=\"async\" width=\"800\" height=\"440\" src=\"https:\/\/viewline.nl\/wp-content\/uploads\/2023\/11\/Windscherm-1024x563.png\" class=\"attachment-large size-large wp-image-2782\" alt=\"\" srcset=\"https:\/\/viewline.nl\/wp-content\/uploads\/2023\/11\/Windscherm-1024x563.png 1024w, https:\/\/viewline.nl\/wp-content\/uploads\/2023\/11\/Windscherm-300x165.png 300w, https:\/\/viewline.nl\/wp-content\/uploads\/2023\/11\/Windscherm-768x422.png 768w, https:\/\/viewline.nl\/wp-content\/uploads\/2023\/11\/Windscherm-1536x844.png 1536w, https:\/\/viewline.nl\/wp-content\/uploads\/2023\/11\/Windscherm.png 1572w\" sizes=\"(max-width: 800px) 100vw, 800px\" \/>\t\t\t\t\t\t\t\t\t\t\t\t\t\t\t<\/div>\n\t\t\t\t<\/div>\n\t\t\t\t<div class=\"elementor-element elementor-element-7891cc3 elementor-align-center elementor-widget elementor-widget-button\" data-id=\"7891cc3\" data-element_type=\"widget\" data-e-type=\"widget\" data-widget_type=\"button.default\">\n\t\t\t\t<div class=\"elementor-widget-container\">\n\t\t\t\t\t\t\t\t\t<div class=\"elementor-button-wrapper\">\n\t\t\t\t\t<a class=\"elementor-button elementor-button-link elementor-size-sm\" href=\"https:\/\/viewline.nl\/de\/viewline-produkte\/windschutz\/\">\n\t\t\t\t\t\t<span class=\"elementor-button-content-wrapper\">\n\t\t\t\t\t\t\t\t\t<span class=\"elementor-button-text\">Mehr lesen<\/span>\n\t\t\t\t\t<\/span>\n\t\t\t\t\t<\/a>\n\t\t\t\t<\/div>\n\t\t\t\t\t\t\t\t<\/div>\n\t\t\t\t<\/div>\n\t\t\t\t\t<\/div>\n\t\t<\/div>\n\t\t\t\t\t<\/div>\n\t\t<\/section>\n\t\t\t\t<\/div>\n\t\t","protected":false},"excerpt":{"rendered":"<p>Neugierig auf die Kosten? Fordern Sie dann mit dem unten stehenden Formular ein Angebot an. Vielen Dank f\u00fcr Ihr Interesse an unseren Produkten. Bitte geben Sie unten Ihre Kontaktdaten ein, um ein Angebot anzufordern. Wir sorgen daf\u00fcr, dass sich eine unserer ausgew\u00e4hlten Verkaufsstellen in Ihrer N\u00e4he telefonisch mit Ihnen in Verbindung setzt. Wir m\u00f6chten Ihnen [&hellip;]<\/p>\n","protected":false},"author":2,"featured_media":1193,"parent":0,"menu_order":0,"comment_status":"closed","ping_status":"closed","template":"","meta":{"footnotes":""},"class_list":["post-1372","page","type-page","status-publish","has-post-thumbnail","hentry"],"yoast_head":"<!-- This site is optimized with the Yoast SEO plugin v27.2 - https:\/\/yoast.com\/product\/yoast-seo-wordpress\/ -->\n<title>Angebot anfragen - Deponti<\/title>\n<meta name=\"description\" content=\"Kostenvoranschlag - geben Sie unten Ihre Kontaktdaten ein, um einen unverbindlichen Kostenvoranschlag anzufordern. Wir werden uns so schnell wie m\u00f6glich bei Ihnen melden.\" \/>\n<meta name=\"robots\" content=\"index, follow, max-snippet:-1, max-image-preview:large, max-video-preview:-1\" \/>\n<link rel=\"canonical\" href=\"https:\/\/viewline.nl\/de\/angebot-anfragen\/\" \/>\n<meta property=\"og:locale\" content=\"de_DE\" \/>\n<meta property=\"og:type\" content=\"article\" \/>\n<meta property=\"og:title\" content=\"Angebot anfragen - Deponti\" \/>\n<meta property=\"og:description\" content=\"Kostenvoranschlag - geben Sie unten Ihre Kontaktdaten ein, um einen unverbindlichen Kostenvoranschlag anzufordern. Wir werden uns so schnell wie m\u00f6glich bei Ihnen melden.\" \/>\n<meta property=\"og:url\" content=\"https:\/\/viewline.nl\/de\/angebot-anfragen\/\" \/>\n<meta property=\"og:site_name\" content=\"Deponti\" \/>\n<meta property=\"article:modified_time\" content=\"2024-04-02T09:31:52+00:00\" \/>\n<meta property=\"og:image\" content=\"https:\/\/viewline.nl\/wp-content\/uploads\/2021\/11\/A.Schuifwand-gesloten-Scene-1.png\" \/>\n\t<meta property=\"og:image:width\" content=\"1920\" \/>\n\t<meta property=\"og:image:height\" content=\"1080\" \/>\n\t<meta property=\"og:image:type\" content=\"image\/png\" \/>\n<meta name=\"twitter:card\" content=\"summary_large_image\" \/>\n<meta name=\"twitter:label1\" content=\"Gesch\u00e4tzte Lesezeit\" \/>\n\t<meta name=\"twitter:data1\" content=\"1\u00a0Minute\" \/>\n<script type=\"application\/ld+json\" class=\"yoast-schema-graph\">{\"@context\":\"https:\/\/schema.org\",\"@graph\":[{\"@type\":\"WebPage\",\"@id\":\"https:\/\/viewline.nl\/de\/angebot-anfragen\/\",\"url\":\"https:\/\/viewline.nl\/de\/angebot-anfragen\/\",\"name\":\"Angebot anfragen - Deponti\",\"isPartOf\":{\"@id\":\"https:\/\/viewline.nl\/de\/#website\"},\"primaryImageOfPage\":{\"@id\":\"https:\/\/viewline.nl\/de\/angebot-anfragen\/#primaryimage\"},\"image\":{\"@id\":\"https:\/\/viewline.nl\/de\/angebot-anfragen\/#primaryimage\"},\"thumbnailUrl\":\"https:\/\/viewline.nl\/wp-content\/uploads\/2021\/11\/A.Schuifwand-gesloten-Scene-1.png\",\"datePublished\":\"2022-07-04T14:42:16+00:00\",\"dateModified\":\"2024-04-02T09:31:52+00:00\",\"description\":\"Kostenvoranschlag - geben Sie unten Ihre Kontaktdaten ein, um einen unverbindlichen Kostenvoranschlag anzufordern. Wir werden uns so schnell wie m\u00f6glich bei Ihnen melden.\",\"breadcrumb\":{\"@id\":\"https:\/\/viewline.nl\/de\/angebot-anfragen\/#breadcrumb\"},\"inLanguage\":\"de\",\"potentialAction\":[{\"@type\":\"ReadAction\",\"target\":[\"https:\/\/viewline.nl\/de\/angebot-anfragen\/\"]}]},{\"@type\":\"ImageObject\",\"inLanguage\":\"de\",\"@id\":\"https:\/\/viewline.nl\/de\/angebot-anfragen\/#primaryimage\",\"url\":\"https:\/\/viewline.nl\/wp-content\/uploads\/2021\/11\/A.Schuifwand-gesloten-Scene-1.png\",\"contentUrl\":\"https:\/\/viewline.nl\/wp-content\/uploads\/2021\/11\/A.Schuifwand-gesloten-Scene-1.png\",\"width\":1920,\"height\":1080},{\"@type\":\"BreadcrumbList\",\"@id\":\"https:\/\/viewline.nl\/de\/angebot-anfragen\/#breadcrumb\",\"itemListElement\":[{\"@type\":\"ListItem\",\"position\":1,\"name\":\"Home\",\"item\":\"https:\/\/viewline.nl\/de\/home\/\"},{\"@type\":\"ListItem\",\"position\":2,\"name\":\"Angebot anfragen\"}]},{\"@type\":\"WebSite\",\"@id\":\"https:\/\/viewline.nl\/de\/#website\",\"url\":\"https:\/\/viewline.nl\/de\/\",\"name\":\"Deponti\",\"description\":\"\",\"publisher\":{\"@id\":\"https:\/\/viewline.nl\/de\/#organization\"},\"potentialAction\":[{\"@type\":\"SearchAction\",\"target\":{\"@type\":\"EntryPoint\",\"urlTemplate\":\"https:\/\/viewline.nl\/de\/?s={search_term_string}\"},\"query-input\":{\"@type\":\"PropertyValueSpecification\",\"valueRequired\":true,\"valueName\":\"search_term_string\"}}],\"inLanguage\":\"de\"},{\"@type\":\"Organization\",\"@id\":\"https:\/\/viewline.nl\/de\/#organization\",\"name\":\"Deponti\",\"url\":\"https:\/\/viewline.nl\/de\/\",\"logo\":{\"@type\":\"ImageObject\",\"inLanguage\":\"de\",\"@id\":\"https:\/\/viewline.nl\/de\/#\/schema\/logo\/image\/\",\"url\":\"https:\/\/viewline.nl\/wp-content\/uploads\/2021\/11\/Viewline-logo-groot.jpg\",\"contentUrl\":\"https:\/\/viewline.nl\/wp-content\/uploads\/2021\/11\/Viewline-logo-groot.jpg\",\"width\":1417,\"height\":1417,\"caption\":\"Deponti \"},\"image\":{\"@id\":\"https:\/\/viewline.nl\/de\/#\/schema\/logo\/image\/\"}}]}<\/script>\n<!-- \/ Yoast SEO plugin. -->","yoast_head_json":{"title":"Angebot anfragen - Deponti","description":"Kostenvoranschlag - geben Sie unten Ihre Kontaktdaten ein, um einen unverbindlichen Kostenvoranschlag anzufordern. Wir werden uns so schnell wie m\u00f6glich bei Ihnen melden.","robots":{"index":"index","follow":"follow","max-snippet":"max-snippet:-1","max-image-preview":"max-image-preview:large","max-video-preview":"max-video-preview:-1"},"canonical":"https:\/\/viewline.nl\/de\/angebot-anfragen\/","og_locale":"de_DE","og_type":"article","og_title":"Angebot anfragen - Deponti","og_description":"Kostenvoranschlag - geben Sie unten Ihre Kontaktdaten ein, um einen unverbindlichen Kostenvoranschlag anzufordern. Wir werden uns so schnell wie m\u00f6glich bei Ihnen melden.","og_url":"https:\/\/viewline.nl\/de\/angebot-anfragen\/","og_site_name":"Deponti","article_modified_time":"2024-04-02T09:31:52+00:00","og_image":[{"width":1920,"height":1080,"url":"https:\/\/viewline.nl\/wp-content\/uploads\/2021\/11\/A.Schuifwand-gesloten-Scene-1.png","type":"image\/png"}],"twitter_card":"summary_large_image","twitter_misc":{"Gesch\u00e4tzte Lesezeit":"1\u00a0Minute"},"schema":{"@context":"https:\/\/schema.org","@graph":[{"@type":"WebPage","@id":"https:\/\/viewline.nl\/de\/angebot-anfragen\/","url":"https:\/\/viewline.nl\/de\/angebot-anfragen\/","name":"Angebot anfragen - Deponti","isPartOf":{"@id":"https:\/\/viewline.nl\/de\/#website"},"primaryImageOfPage":{"@id":"https:\/\/viewline.nl\/de\/angebot-anfragen\/#primaryimage"},"image":{"@id":"https:\/\/viewline.nl\/de\/angebot-anfragen\/#primaryimage"},"thumbnailUrl":"https:\/\/viewline.nl\/wp-content\/uploads\/2021\/11\/A.Schuifwand-gesloten-Scene-1.png","datePublished":"2022-07-04T14:42:16+00:00","dateModified":"2024-04-02T09:31:52+00:00","description":"Kostenvoranschlag - geben Sie unten Ihre Kontaktdaten ein, um einen unverbindlichen Kostenvoranschlag anzufordern. Wir werden uns so schnell wie m\u00f6glich bei Ihnen melden.","breadcrumb":{"@id":"https:\/\/viewline.nl\/de\/angebot-anfragen\/#breadcrumb"},"inLanguage":"de","potentialAction":[{"@type":"ReadAction","target":["https:\/\/viewline.nl\/de\/angebot-anfragen\/"]}]},{"@type":"ImageObject","inLanguage":"de","@id":"https:\/\/viewline.nl\/de\/angebot-anfragen\/#primaryimage","url":"https:\/\/viewline.nl\/wp-content\/uploads\/2021\/11\/A.Schuifwand-gesloten-Scene-1.png","contentUrl":"https:\/\/viewline.nl\/wp-content\/uploads\/2021\/11\/A.Schuifwand-gesloten-Scene-1.png","width":1920,"height":1080},{"@type":"BreadcrumbList","@id":"https:\/\/viewline.nl\/de\/angebot-anfragen\/#breadcrumb","itemListElement":[{"@type":"ListItem","position":1,"name":"Home","item":"https:\/\/viewline.nl\/de\/home\/"},{"@type":"ListItem","position":2,"name":"Angebot anfragen"}]},{"@type":"WebSite","@id":"https:\/\/viewline.nl\/de\/#website","url":"https:\/\/viewline.nl\/de\/","name":"Deponti","description":"","publisher":{"@id":"https:\/\/viewline.nl\/de\/#organization"},"potentialAction":[{"@type":"SearchAction","target":{"@type":"EntryPoint","urlTemplate":"https:\/\/viewline.nl\/de\/?s={search_term_string}"},"query-input":{"@type":"PropertyValueSpecification","valueRequired":true,"valueName":"search_term_string"}}],"inLanguage":"de"},{"@type":"Organization","@id":"https:\/\/viewline.nl\/de\/#organization","name":"Deponti","url":"https:\/\/viewline.nl\/de\/","logo":{"@type":"ImageObject","inLanguage":"de","@id":"https:\/\/viewline.nl\/de\/#\/schema\/logo\/image\/","url":"https:\/\/viewline.nl\/wp-content\/uploads\/2021\/11\/Viewline-logo-groot.jpg","contentUrl":"https:\/\/viewline.nl\/wp-content\/uploads\/2021\/11\/Viewline-logo-groot.jpg","width":1417,"height":1417,"caption":"Deponti "},"image":{"@id":"https:\/\/viewline.nl\/de\/#\/schema\/logo\/image\/"}}]}},"_links":{"self":[{"href":"https:\/\/viewline.nl\/de\/wp-json\/wp\/v2\/pages\/1372","targetHints":{"allow":["GET"]}}],"collection":[{"href":"https:\/\/viewline.nl\/de\/wp-json\/wp\/v2\/pages"}],"about":[{"href":"https:\/\/viewline.nl\/de\/wp-json\/wp\/v2\/types\/page"}],"author":[{"embeddable":true,"href":"https:\/\/viewline.nl\/de\/wp-json\/wp\/v2\/users\/2"}],"replies":[{"embeddable":true,"href":"https:\/\/viewline.nl\/de\/wp-json\/wp\/v2\/comments?post=1372"}],"version-history":[{"count":9,"href":"https:\/\/viewline.nl\/de\/wp-json\/wp\/v2\/pages\/1372\/revisions"}],"predecessor-version":[{"id":3042,"href":"https:\/\/viewline.nl\/de\/wp-json\/wp\/v2\/pages\/1372\/revisions\/3042"}],"wp:featuredmedia":[{"embeddable":true,"href":"https:\/\/viewline.nl\/de\/wp-json\/wp\/v2\/media\/1193"}],"wp:attachment":[{"href":"https:\/\/viewline.nl\/de\/wp-json\/wp\/v2\/media?parent=1372"}],"curies":[{"name":"wp","href":"https:\/\/api.w.org\/{rel}","templated":true}]}}