{"id":1378,"date":"2022-07-04T14:45:16","date_gmt":"2022-07-04T14:45:16","guid":{"rendered":"https:\/\/viewline.nl\/stellenangebote-uebersicht\/"},"modified":"2022-07-04T14:45:19","modified_gmt":"2022-07-04T14:45:19","slug":"stellenangebote-uebersicht","status":"publish","type":"page","link":"https:\/\/viewline.nl\/de\/stellenangebote-uebersicht\/","title":{"rendered":"Stellenangebote \u00dcbersicht"},"content":{"rendered":"\t\t<div data-elementor-type=\"wp-page\" data-elementor-id=\"1378\" class=\"elementor elementor-1378 elementor-39\" data-elementor-post-type=\"page\">\n\t\t\t\t\t\t<section class=\"elementor-section elementor-top-section elementor-element elementor-element-b43e3f1 elementor-section-boxed elementor-section-height-default elementor-section-height-default\" data-id=\"b43e3f1\" data-element_type=\"section\" data-e-type=\"section\">\n\t\t\t\t\t\t<div class=\"elementor-container elementor-column-gap-default\">\n\t\t\t\t\t<div class=\"elementor-column elementor-col-100 elementor-top-column elementor-element elementor-element-a3d312a\" data-id=\"a3d312a\" data-element_type=\"column\" data-e-type=\"column\">\n\t\t\t<div class=\"elementor-widget-wrap elementor-element-populated\">\n\t\t\t\t\t\t<div class=\"elementor-element elementor-element-b7fba5e elementor-widget elementor-widget-heading\" data-id=\"b7fba5e\" data-element_type=\"widget\" data-e-type=\"widget\" data-widget_type=\"heading.default\">\n\t\t\t\t<div class=\"elementor-widget-container\">\n\t\t\t\t\t<h1 class=\"elementor-heading-title elementor-size-default\">Jobs<\/h1>\t\t\t\t<\/div>\n\t\t\t\t<\/div>\n\t\t\t\t<div class=\"elementor-element elementor-element-24196a4 elementor-widget elementor-widget-jet-listing-grid\" data-id=\"24196a4\" data-element_type=\"widget\" data-e-type=\"widget\" data-settings=\"{&quot;columns&quot;:3,&quot;columns_tablet&quot;:&quot;1&quot;}\" data-widget_type=\"jet-listing-grid.default\">\n\t\t\t\t<div class=\"elementor-widget-container\">\n\t\t\t\t\t<div class=\"jet-listing-grid jet-listing\"><div class=\"jet-listing-grid__items grid-col-desk-3 grid-col-tablet-1 grid-col-mobile-1 jet-listing-grid--109 jet-equal-columns__wrapper\" data-queried-id=\"1378|WP_Post\" data-nav=\"{&quot;enabled&quot;:false,&quot;type&quot;:null,&quot;more_el&quot;:null,&quot;query&quot;:[],&quot;widget_settings&quot;:{&quot;lisitng_id&quot;:109,&quot;posts_num&quot;:6,&quot;columns&quot;:3,&quot;columns_tablet&quot;:1,&quot;columns_mobile&quot;:1,&quot;column_min_width&quot;:240,&quot;column_min_width_tablet&quot;:240,&quot;column_min_width_mobile&quot;:240,&quot;inline_columns_css&quot;:false,&quot;is_archive_template&quot;:&quot;&quot;,&quot;post_status&quot;:[&quot;publish&quot;],&quot;use_random_posts_num&quot;:&quot;&quot;,&quot;max_posts_num&quot;:9,&quot;not_found_message&quot;:&quot;Keine Blogs gefunden.&quot;,&quot;is_masonry&quot;:false,&quot;equal_columns_height&quot;:&quot;yes&quot;,&quot;use_load_more&quot;:&quot;&quot;,&quot;load_more_id&quot;:&quot;&quot;,&quot;load_more_type&quot;:&quot;click&quot;,&quot;load_more_offset&quot;:{&quot;unit&quot;:&quot;px&quot;,&quot;size&quot;:0,&quot;sizes&quot;:[]},&quot;use_custom_post_types&quot;:&quot;&quot;,&quot;custom_post_types&quot;:[],&quot;hide_widget_if&quot;:&quot;&quot;,&quot;carousel_enabled&quot;:&quot;&quot;,&quot;slides_to_scroll&quot;:&quot;1&quot;,&quot;arrows&quot;:&quot;true&quot;,&quot;arrow_icon&quot;:&quot;fa fa-angle-left&quot;,&quot;dots&quot;:&quot;&quot;,&quot;autoplay&quot;:&quot;true&quot;,&quot;pause_on_hover&quot;:&quot;true&quot;,&quot;autoplay_speed&quot;:5000,&quot;infinite&quot;:&quot;true&quot;,&quot;center_mode&quot;:&quot;&quot;,&quot;effect&quot;:&quot;slide&quot;,&quot;speed&quot;:500,&quot;inject_alternative_items&quot;:&quot;&quot;,&quot;injection_items&quot;:[],&quot;scroll_slider_enabled&quot;:&quot;&quot;,&quot;scroll_slider_on&quot;:[&quot;desktop&quot;,&quot;tablet&quot;,&quot;mobile&quot;],&quot;custom_query&quot;:false,&quot;custom_query_id&quot;:&quot;&quot;,&quot;_element_id&quot;:&quot;&quot;,&quot;collapse_first_last_gap&quot;:false,&quot;list_tag_selection&quot;:&quot;&quot;,&quot;list_items_wrapper_tag&quot;:&quot;div&quot;,&quot;list_item_tag&quot;:&quot;div&quot;,&quot;empty_items_wrapper_tag&quot;:&quot;div&quot;}}\" data-page=\"1\" data-pages=\"1\" data-listing-source=\"posts\" data-listing-id=\"109\" data-query-id=\"\"><div class=\"jet-listing-grid__item jet-listing-dynamic-post-2271 jet-equal-columns\" data-post-id=\"2271\"  >\t\t<div data-elementor-type=\"jet-listing-items\" data-elementor-id=\"109\" class=\"elementor elementor-109\" data-elementor-post-type=\"jet-engine\">\n\t\t\t\t\t\t<section class=\"elementor-section elementor-top-section elementor-element elementor-element-0cef5d7 elementor-section-boxed elementor-section-height-default elementor-section-height-default\" data-id=\"0cef5d7\" data-element_type=\"section\" data-e-type=\"section\">\n\t\t\t\t\t\t<div class=\"elementor-container elementor-column-gap-default\">\n\t\t\t\t\t<div class=\"elementor-column elementor-col-100 elementor-top-column elementor-element elementor-element-de33684\" data-id=\"de33684\" data-element_type=\"column\" data-e-type=\"column\">\n\t\t\t<div class=\"elementor-widget-wrap elementor-element-populated\">\n\t\t\t\t\t\t<div class=\"elementor-element elementor-element-01264fa aw-vacature-box elementor-bg-transform elementor-bg-transform-zoom-out elementor-cta--skin-classic elementor-animated-content elementor-widget elementor-widget-call-to-action\" data-id=\"01264fa\" data-element_type=\"widget\" data-e-type=\"widget\" data-widget_type=\"call-to-action.default\">\n\t\t\t\t<div class=\"elementor-widget-container\">\n\t\t\t\t\t\t\t<a class=\"elementor-cta\" href=\"https:\/\/viewline.nl\/de\/vacatures\/accountmanager-nederland\/\">\n\t\t\t\t\t<div class=\"elementor-cta__bg-wrapper\">\n\t\t\t\t<div class=\"elementor-cta__bg elementor-bg\" style=\"background-image: url(https:\/\/viewline.nl\/wp-content\/uploads\/2021\/11\/Viewline-logo-groot.jpg);\" role=\"img\" aria-label=\"Viewline-logo-groot\"><\/div>\n\t\t\t\t<div class=\"elementor-cta__bg-overlay\"><\/div>\n\t\t\t<\/div>\n\t\t\t\t\t\t\t<div class=\"elementor-cta__content\">\n\t\t\t\t\n\t\t\t\t\t\t\t\t\t<h3 class=\"elementor-cta__title elementor-cta__content-item elementor-content-item\">\n\t\t\t\t\t\tAccountmanager Nederland\t\t\t\t\t<\/h3>\n\t\t\t\t\n\t\t\t\t\n\t\t\t\t\t\t\t\t\t<div class=\"elementor-cta__button-wrapper elementor-cta__content-item elementor-content-item \">\n\t\t\t\t\t<span class=\"elementor-cta__button elementor-button elementor-size-\">\n\t\t\t\t\t\tGe\u00efnteresseerd?<br>Lees hier verder\t\t\t\t\t<\/span>\n\t\t\t\t\t<\/div>\n\t\t\t\t\t\t\t<\/div>\n\t\t\t\t\t\t<\/a>\n\t\t\t\t\t\t<\/div>\n\t\t\t\t<\/div>\n\t\t\t\t\t<\/div>\n\t\t<\/div>\n\t\t\t\t\t<\/div>\n\t\t<\/section>\n\t\t\t\t<\/div>\n\t\t<\/div><\/div><\/div>\t\t\t\t<\/div>\n\t\t\t\t<\/div>\n\t\t\t\t\t<\/div>\n\t\t<\/div>\n\t\t\t\t\t<\/div>\n\t\t<\/section>\n\t\t\t\t<\/div>\n\t\t","protected":false},"excerpt":{"rendered":"<p>Jobs Ge\u00efnteresseerd?Lees hier verder<\/p>\n","protected":false},"author":2,"featured_media":1195,"parent":0,"menu_order":0,"comment_status":"closed","ping_status":"closed","template":"","meta":{"footnotes":""},"class_list":["post-1378","page","type-page","status-publish","has-post-thumbnail","hentry"],"yoast_head":"<!-- This site is optimized with the Yoast SEO plugin v27.2 - https:\/\/yoast.com\/product\/yoast-seo-wordpress\/ -->\n<title>Stellenangebote \u00dcbersicht - Deponti<\/title>\n<meta name=\"description\" content=\"Viewline ist ein junges, innovatives und vor allem ehrgeiziges Unternehmen. ir suchen regelm\u00e4\u00dfig neue Kollegen. Pr\u00fcfen Sie unser(e) Stellenangebot(e) unten.\" \/>\n<meta name=\"robots\" content=\"index, follow, max-snippet:-1, max-image-preview:large, max-video-preview:-1\" \/>\n<link rel=\"canonical\" href=\"https:\/\/viewline.nl\/de\/stellenangebote-uebersicht\/\" \/>\n<meta property=\"og:locale\" content=\"de_DE\" \/>\n<meta property=\"og:type\" content=\"article\" \/>\n<meta property=\"og:title\" content=\"Stellenangebote \u00dcbersicht - Deponti\" \/>\n<meta property=\"og:description\" content=\"Viewline ist ein junges, innovatives und vor allem ehrgeiziges Unternehmen. ir suchen regelm\u00e4\u00dfig neue Kollegen. Pr\u00fcfen Sie unser(e) Stellenangebot(e) unten.\" \/>\n<meta property=\"og:url\" content=\"https:\/\/viewline.nl\/de\/stellenangebote-uebersicht\/\" \/>\n<meta property=\"og:site_name\" content=\"Deponti\" \/>\n<meta property=\"article:modified_time\" content=\"2022-07-04T14:45:19+00:00\" \/>\n<meta property=\"og:image\" content=\"https:\/\/viewline.nl\/wp-content\/uploads\/2021\/11\/C.Schuifwand-2-open-Scene-3.png\" \/>\n\t<meta property=\"og:image:width\" content=\"1920\" \/>\n\t<meta property=\"og:image:height\" content=\"1080\" \/>\n\t<meta property=\"og:image:type\" content=\"image\/png\" \/>\n<meta name=\"twitter:card\" content=\"summary_large_image\" \/>\n<script type=\"application\/ld+json\" class=\"yoast-schema-graph\">{\"@context\":\"https:\/\/schema.org\",\"@graph\":[{\"@type\":\"WebPage\",\"@id\":\"https:\/\/viewline.nl\/de\/stellenangebote-uebersicht\/\",\"url\":\"https:\/\/viewline.nl\/de\/stellenangebote-uebersicht\/\",\"name\":\"Stellenangebote \u00dcbersicht - Deponti\",\"isPartOf\":{\"@id\":\"https:\/\/viewline.nl\/de\/#website\"},\"primaryImageOfPage\":{\"@id\":\"https:\/\/viewline.nl\/de\/stellenangebote-uebersicht\/#primaryimage\"},\"image\":{\"@id\":\"https:\/\/viewline.nl\/de\/stellenangebote-uebersicht\/#primaryimage\"},\"thumbnailUrl\":\"https:\/\/viewline.nl\/wp-content\/uploads\/2021\/11\/C.Schuifwand-2-open-Scene-3.png\",\"datePublished\":\"2022-07-04T14:45:16+00:00\",\"dateModified\":\"2022-07-04T14:45:19+00:00\",\"description\":\"Viewline ist ein junges, innovatives und vor allem ehrgeiziges Unternehmen. ir suchen regelm\u00e4\u00dfig neue Kollegen. Pr\u00fcfen Sie unser(e) Stellenangebot(e) unten.\",\"breadcrumb\":{\"@id\":\"https:\/\/viewline.nl\/de\/stellenangebote-uebersicht\/#breadcrumb\"},\"inLanguage\":\"de\",\"potentialAction\":[{\"@type\":\"ReadAction\",\"target\":[\"https:\/\/viewline.nl\/de\/stellenangebote-uebersicht\/\"]}]},{\"@type\":\"ImageObject\",\"inLanguage\":\"de\",\"@id\":\"https:\/\/viewline.nl\/de\/stellenangebote-uebersicht\/#primaryimage\",\"url\":\"https:\/\/viewline.nl\/wp-content\/uploads\/2021\/11\/C.Schuifwand-2-open-Scene-3.png\",\"contentUrl\":\"https:\/\/viewline.nl\/wp-content\/uploads\/2021\/11\/C.Schuifwand-2-open-Scene-3.png\",\"width\":1920,\"height\":1080},{\"@type\":\"BreadcrumbList\",\"@id\":\"https:\/\/viewline.nl\/de\/stellenangebote-uebersicht\/#breadcrumb\",\"itemListElement\":[{\"@type\":\"ListItem\",\"position\":1,\"name\":\"Home\",\"item\":\"https:\/\/viewline.nl\/de\/home\/\"},{\"@type\":\"ListItem\",\"position\":2,\"name\":\"Stellenangebote \u00dcbersicht\"}]},{\"@type\":\"WebSite\",\"@id\":\"https:\/\/viewline.nl\/de\/#website\",\"url\":\"https:\/\/viewline.nl\/de\/\",\"name\":\"Deponti\",\"description\":\"\",\"publisher\":{\"@id\":\"https:\/\/viewline.nl\/de\/#organization\"},\"potentialAction\":[{\"@type\":\"SearchAction\",\"target\":{\"@type\":\"EntryPoint\",\"urlTemplate\":\"https:\/\/viewline.nl\/de\/?s={search_term_string}\"},\"query-input\":{\"@type\":\"PropertyValueSpecification\",\"valueRequired\":true,\"valueName\":\"search_term_string\"}}],\"inLanguage\":\"de\"},{\"@type\":\"Organization\",\"@id\":\"https:\/\/viewline.nl\/de\/#organization\",\"name\":\"Deponti\",\"url\":\"https:\/\/viewline.nl\/de\/\",\"logo\":{\"@type\":\"ImageObject\",\"inLanguage\":\"de\",\"@id\":\"https:\/\/viewline.nl\/de\/#\/schema\/logo\/image\/\",\"url\":\"https:\/\/viewline.nl\/wp-content\/uploads\/2021\/11\/Viewline-logo-groot.jpg\",\"contentUrl\":\"https:\/\/viewline.nl\/wp-content\/uploads\/2021\/11\/Viewline-logo-groot.jpg\",\"width\":1417,\"height\":1417,\"caption\":\"Deponti \"},\"image\":{\"@id\":\"https:\/\/viewline.nl\/de\/#\/schema\/logo\/image\/\"}}]}<\/script>\n<!-- \/ Yoast SEO plugin. -->","yoast_head_json":{"title":"Stellenangebote \u00dcbersicht - Deponti","description":"Viewline ist ein junges, innovatives und vor allem ehrgeiziges Unternehmen. ir suchen regelm\u00e4\u00dfig neue Kollegen. Pr\u00fcfen Sie unser(e) Stellenangebot(e) unten.","robots":{"index":"index","follow":"follow","max-snippet":"max-snippet:-1","max-image-preview":"max-image-preview:large","max-video-preview":"max-video-preview:-1"},"canonical":"https:\/\/viewline.nl\/de\/stellenangebote-uebersicht\/","og_locale":"de_DE","og_type":"article","og_title":"Stellenangebote \u00dcbersicht - Deponti","og_description":"Viewline ist ein junges, innovatives und vor allem ehrgeiziges Unternehmen. ir suchen regelm\u00e4\u00dfig neue Kollegen. Pr\u00fcfen Sie unser(e) Stellenangebot(e) unten.","og_url":"https:\/\/viewline.nl\/de\/stellenangebote-uebersicht\/","og_site_name":"Deponti","article_modified_time":"2022-07-04T14:45:19+00:00","og_image":[{"width":1920,"height":1080,"url":"https:\/\/viewline.nl\/wp-content\/uploads\/2021\/11\/C.Schuifwand-2-open-Scene-3.png","type":"image\/png"}],"twitter_card":"summary_large_image","schema":{"@context":"https:\/\/schema.org","@graph":[{"@type":"WebPage","@id":"https:\/\/viewline.nl\/de\/stellenangebote-uebersicht\/","url":"https:\/\/viewline.nl\/de\/stellenangebote-uebersicht\/","name":"Stellenangebote \u00dcbersicht - Deponti","isPartOf":{"@id":"https:\/\/viewline.nl\/de\/#website"},"primaryImageOfPage":{"@id":"https:\/\/viewline.nl\/de\/stellenangebote-uebersicht\/#primaryimage"},"image":{"@id":"https:\/\/viewline.nl\/de\/stellenangebote-uebersicht\/#primaryimage"},"thumbnailUrl":"https:\/\/viewline.nl\/wp-content\/uploads\/2021\/11\/C.Schuifwand-2-open-Scene-3.png","datePublished":"2022-07-04T14:45:16+00:00","dateModified":"2022-07-04T14:45:19+00:00","description":"Viewline ist ein junges, innovatives und vor allem ehrgeiziges Unternehmen. ir suchen regelm\u00e4\u00dfig neue Kollegen. Pr\u00fcfen Sie unser(e) Stellenangebot(e) unten.","breadcrumb":{"@id":"https:\/\/viewline.nl\/de\/stellenangebote-uebersicht\/#breadcrumb"},"inLanguage":"de","potentialAction":[{"@type":"ReadAction","target":["https:\/\/viewline.nl\/de\/stellenangebote-uebersicht\/"]}]},{"@type":"ImageObject","inLanguage":"de","@id":"https:\/\/viewline.nl\/de\/stellenangebote-uebersicht\/#primaryimage","url":"https:\/\/viewline.nl\/wp-content\/uploads\/2021\/11\/C.Schuifwand-2-open-Scene-3.png","contentUrl":"https:\/\/viewline.nl\/wp-content\/uploads\/2021\/11\/C.Schuifwand-2-open-Scene-3.png","width":1920,"height":1080},{"@type":"BreadcrumbList","@id":"https:\/\/viewline.nl\/de\/stellenangebote-uebersicht\/#breadcrumb","itemListElement":[{"@type":"ListItem","position":1,"name":"Home","item":"https:\/\/viewline.nl\/de\/home\/"},{"@type":"ListItem","position":2,"name":"Stellenangebote \u00dcbersicht"}]},{"@type":"WebSite","@id":"https:\/\/viewline.nl\/de\/#website","url":"https:\/\/viewline.nl\/de\/","name":"Deponti","description":"","publisher":{"@id":"https:\/\/viewline.nl\/de\/#organization"},"potentialAction":[{"@type":"SearchAction","target":{"@type":"EntryPoint","urlTemplate":"https:\/\/viewline.nl\/de\/?s={search_term_string}"},"query-input":{"@type":"PropertyValueSpecification","valueRequired":true,"valueName":"search_term_string"}}],"inLanguage":"de"},{"@type":"Organization","@id":"https:\/\/viewline.nl\/de\/#organization","name":"Deponti","url":"https:\/\/viewline.nl\/de\/","logo":{"@type":"ImageObject","inLanguage":"de","@id":"https:\/\/viewline.nl\/de\/#\/schema\/logo\/image\/","url":"https:\/\/viewline.nl\/wp-content\/uploads\/2021\/11\/Viewline-logo-groot.jpg","contentUrl":"https:\/\/viewline.nl\/wp-content\/uploads\/2021\/11\/Viewline-logo-groot.jpg","width":1417,"height":1417,"caption":"Deponti "},"image":{"@id":"https:\/\/viewline.nl\/de\/#\/schema\/logo\/image\/"}}]}},"_links":{"self":[{"href":"https:\/\/viewline.nl\/de\/wp-json\/wp\/v2\/pages\/1378","targetHints":{"allow":["GET"]}}],"collection":[{"href":"https:\/\/viewline.nl\/de\/wp-json\/wp\/v2\/pages"}],"about":[{"href":"https:\/\/viewline.nl\/de\/wp-json\/wp\/v2\/types\/page"}],"author":[{"embeddable":true,"href":"https:\/\/viewline.nl\/de\/wp-json\/wp\/v2\/users\/2"}],"replies":[{"embeddable":true,"href":"https:\/\/viewline.nl\/de\/wp-json\/wp\/v2\/comments?post=1378"}],"version-history":[{"count":3,"href":"https:\/\/viewline.nl\/de\/wp-json\/wp\/v2\/pages\/1378\/revisions"}],"predecessor-version":[{"id":1381,"href":"https:\/\/viewline.nl\/de\/wp-json\/wp\/v2\/pages\/1378\/revisions\/1381"}],"wp:featuredmedia":[{"embeddable":true,"href":"https:\/\/viewline.nl\/de\/wp-json\/wp\/v2\/media\/1195"}],"wp:attachment":[{"href":"https:\/\/viewline.nl\/de\/wp-json\/wp\/v2\/media?parent=1378"}],"curies":[{"name":"wp","href":"https:\/\/api.w.org\/{rel}","templated":true}]}}