{"id":1878,"date":"2022-10-20T11:21:02","date_gmt":"2022-10-20T11:21:02","guid":{"rendered":"https:\/\/viewline.nl\/vielen-dank-fuer-ihre-angebotsanfrage\/"},"modified":"2023-11-28T14:10:40","modified_gmt":"2023-11-28T14:10:40","slug":"vielen-dank-fuer-ihre-angebotsanfrage","status":"publish","type":"page","link":"https:\/\/viewline.nl\/de\/vielen-dank-fuer-ihre-angebotsanfrage\/","title":{"rendered":"Vielen Dank f\u00fcr Ihre Angebotsanfrage"},"content":{"rendered":"\t\t<div data-elementor-type=\"wp-page\" data-elementor-id=\"1878\" class=\"elementor elementor-1878 elementor-1677\" data-elementor-post-type=\"page\">\n\t\t\t\t\t\t<section class=\"elementor-section elementor-top-section elementor-element elementor-element-2555fa60 elementor-section-boxed elementor-section-height-default elementor-section-height-default\" data-id=\"2555fa60\" data-element_type=\"section\" data-e-type=\"section\">\n\t\t\t\t\t\t<div class=\"elementor-container elementor-column-gap-default\">\n\t\t\t\t\t<div class=\"elementor-column elementor-col-100 elementor-top-column elementor-element elementor-element-1672c319\" data-id=\"1672c319\" data-element_type=\"column\" data-e-type=\"column\">\n\t\t\t<div class=\"elementor-widget-wrap elementor-element-populated\">\n\t\t\t\t\t\t\t<\/div>\n\t\t<\/div>\n\t\t\t\t\t<\/div>\n\t\t<\/section>\n\t\t\t\t<section class=\"elementor-section elementor-top-section elementor-element elementor-element-a908ea8 elementor-section-boxed elementor-section-height-default elementor-section-height-default\" data-id=\"a908ea8\" data-element_type=\"section\" data-e-type=\"section\">\n\t\t\t\t\t\t<div class=\"elementor-container elementor-column-gap-default\">\n\t\t\t\t\t<div class=\"elementor-column elementor-col-100 elementor-top-column elementor-element elementor-element-3c87128\" data-id=\"3c87128\" data-element_type=\"column\" data-e-type=\"column\">\n\t\t\t<div class=\"elementor-widget-wrap elementor-element-populated\">\n\t\t\t\t\t\t<div class=\"elementor-element elementor-element-fb4e517 elementor-widget elementor-widget-heading\" data-id=\"fb4e517\" data-element_type=\"widget\" data-e-type=\"widget\" data-widget_type=\"heading.default\">\n\t\t\t\t<div class=\"elementor-widget-container\">\n\t\t\t\t\t<h2 class=\"elementor-heading-title elementor-size-default\">Vielen Dank f\u00fcr Ihre Angebotsanfrage<\/h2>\t\t\t\t<\/div>\n\t\t\t\t<\/div>\n\t\t\t\t\t<\/div>\n\t\t<\/div>\n\t\t\t\t\t<\/div>\n\t\t<\/section>\n\t\t\t\t<section class=\"elementor-section elementor-top-section elementor-element elementor-element-a4def5d elementor-section-boxed elementor-section-height-default elementor-section-height-default\" data-id=\"a4def5d\" data-element_type=\"section\" data-e-type=\"section\">\n\t\t\t\t\t\t<div class=\"elementor-container elementor-column-gap-default\">\n\t\t\t\t\t<div class=\"elementor-column elementor-col-100 elementor-top-column elementor-element elementor-element-446366a\" data-id=\"446366a\" data-element_type=\"column\" data-e-type=\"column\">\n\t\t\t<div class=\"elementor-widget-wrap elementor-element-populated\">\n\t\t\t\t\t\t<div class=\"elementor-element elementor-element-4d4a404 elementor-widget elementor-widget-text-editor\" data-id=\"4d4a404\" data-element_type=\"widget\" data-e-type=\"widget\" data-widget_type=\"text-editor.default\">\n\t\t\t\t<div class=\"elementor-widget-container\">\n\t\t\t\t\t\t\t\t\t<p class=\"lead\" style=\"text-align: center;\"><span style=\"font-size: 130%;\">Einer unserer H\u00e4ndler in Ihrer N\u00e4he wird sich umgehend mit Ihnen in Verbindung setzen,<\/span><span style=\"font-size: 130%; color: var( --e-global-color-text ); font-family: var( --e-global-typography-text-font-family ), Sans-serif; font-weight: var( --e-global-typography-text-font-weight );\"> um Ihnen ein Angebot zu unterbreiten.<\/span><\/p>\n\t\t\t\t\t\t\t\t<\/div>\n\t\t\t\t<\/div>\n\t\t\t\t\t<\/div>\n\t\t<\/div>\n\t\t\t\t\t<\/div>\n\t\t<\/section>\n\t\t\t\t<section class=\"elementor-section elementor-top-section elementor-element elementor-element-9cb22e6 elementor-section-boxed elementor-section-height-default elementor-section-height-default\" data-id=\"9cb22e6\" data-element_type=\"section\" data-e-type=\"section\">\n\t\t\t\t\t\t<div class=\"elementor-container elementor-column-gap-default\">\n\t\t\t\t\t<div class=\"elementor-column elementor-col-100 elementor-top-column elementor-element elementor-element-68f9db2\" data-id=\"68f9db2\" data-element_type=\"column\" data-e-type=\"column\">\n\t\t\t<div class=\"elementor-widget-wrap elementor-element-populated\">\n\t\t\t\t\t\t<div class=\"elementor-element elementor-element-7303a2d elementor-widget elementor-widget-spacer\" data-id=\"7303a2d\" data-element_type=\"widget\" data-e-type=\"widget\" data-widget_type=\"spacer.default\">\n\t\t\t\t<div class=\"elementor-widget-container\">\n\t\t\t\t\t\t\t<div class=\"elementor-spacer\">\n\t\t\t<div class=\"elementor-spacer-inner\"><\/div>\n\t\t<\/div>\n\t\t\t\t\t\t<\/div>\n\t\t\t\t<\/div>\n\t\t\t\t\t<\/div>\n\t\t<\/div>\n\t\t\t\t\t<\/div>\n\t\t<\/section>\n\t\t\t\t<\/div>\n\t\t","protected":false},"excerpt":{"rendered":"<p>Vielen Dank f\u00fcr Ihre Angebotsanfrage Einer unserer H\u00e4ndler in Ihrer N\u00e4he wird sich umgehend mit Ihnen in Verbindung setzen, um Ihnen ein Angebot zu unterbreiten.<\/p>\n","protected":false},"author":3,"featured_media":0,"parent":0,"menu_order":0,"comment_status":"closed","ping_status":"closed","template":"","meta":{"footnotes":""},"class_list":["post-1878","page","type-page","status-publish","hentry"],"yoast_head":"<!-- This site is optimized with the Yoast SEO plugin v27.2 - https:\/\/yoast.com\/product\/yoast-seo-wordpress\/ -->\n<title>Vielen Dank f\u00fcr Ihre Angebotsanfrage - Deponti<\/title>\n<meta name=\"description\" content=\"Einer unserer H\u00e4ndler in Ihrer N\u00e4he wird sich umgehend mit Ihnen in Verbindung setzen, um Ihnen ein Angebot zu unterbreiten.\" \/>\n<meta name=\"robots\" content=\"index, follow, max-snippet:-1, max-image-preview:large, max-video-preview:-1\" \/>\n<link rel=\"canonical\" href=\"https:\/\/viewline.nl\/de\/vielen-dank-fuer-ihre-angebotsanfrage\/\" \/>\n<meta property=\"og:locale\" content=\"de_DE\" \/>\n<meta property=\"og:type\" content=\"article\" \/>\n<meta property=\"og:title\" content=\"Vielen Dank f\u00fcr Ihre Angebotsanfrage - Deponti\" \/>\n<meta property=\"og:description\" content=\"Einer unserer H\u00e4ndler in Ihrer N\u00e4he wird sich umgehend mit Ihnen in Verbindung setzen, um Ihnen ein Angebot zu unterbreiten.\" \/>\n<meta property=\"og:url\" content=\"https:\/\/viewline.nl\/de\/vielen-dank-fuer-ihre-angebotsanfrage\/\" \/>\n<meta property=\"og:site_name\" content=\"Deponti\" \/>\n<meta property=\"article:modified_time\" content=\"2023-11-28T14:10:40+00:00\" \/>\n<meta name=\"twitter:card\" content=\"summary_large_image\" \/>\n<script type=\"application\/ld+json\" class=\"yoast-schema-graph\">{\"@context\":\"https:\/\/schema.org\",\"@graph\":[{\"@type\":\"WebPage\",\"@id\":\"https:\/\/viewline.nl\/de\/vielen-dank-fuer-ihre-angebotsanfrage\/\",\"url\":\"https:\/\/viewline.nl\/de\/vielen-dank-fuer-ihre-angebotsanfrage\/\",\"name\":\"Vielen Dank f\u00fcr Ihre Angebotsanfrage - Deponti\",\"isPartOf\":{\"@id\":\"https:\/\/viewline.nl\/de\/#website\"},\"datePublished\":\"2022-10-20T11:21:02+00:00\",\"dateModified\":\"2023-11-28T14:10:40+00:00\",\"description\":\"Einer unserer H\u00e4ndler in Ihrer N\u00e4he wird sich umgehend mit Ihnen in Verbindung setzen, um Ihnen ein Angebot zu unterbreiten.\",\"breadcrumb\":{\"@id\":\"https:\/\/viewline.nl\/de\/vielen-dank-fuer-ihre-angebotsanfrage\/#breadcrumb\"},\"inLanguage\":\"de\",\"potentialAction\":[{\"@type\":\"ReadAction\",\"target\":[\"https:\/\/viewline.nl\/de\/vielen-dank-fuer-ihre-angebotsanfrage\/\"]}]},{\"@type\":\"BreadcrumbList\",\"@id\":\"https:\/\/viewline.nl\/de\/vielen-dank-fuer-ihre-angebotsanfrage\/#breadcrumb\",\"itemListElement\":[{\"@type\":\"ListItem\",\"position\":1,\"name\":\"Home\",\"item\":\"https:\/\/viewline.nl\/de\/home\/\"},{\"@type\":\"ListItem\",\"position\":2,\"name\":\"Vielen Dank f\u00fcr Ihre Angebotsanfrage\"}]},{\"@type\":\"WebSite\",\"@id\":\"https:\/\/viewline.nl\/de\/#website\",\"url\":\"https:\/\/viewline.nl\/de\/\",\"name\":\"Deponti\",\"description\":\"\",\"publisher\":{\"@id\":\"https:\/\/viewline.nl\/de\/#organization\"},\"potentialAction\":[{\"@type\":\"SearchAction\",\"target\":{\"@type\":\"EntryPoint\",\"urlTemplate\":\"https:\/\/viewline.nl\/de\/?s={search_term_string}\"},\"query-input\":{\"@type\":\"PropertyValueSpecification\",\"valueRequired\":true,\"valueName\":\"search_term_string\"}}],\"inLanguage\":\"de\"},{\"@type\":\"Organization\",\"@id\":\"https:\/\/viewline.nl\/de\/#organization\",\"name\":\"Deponti\",\"url\":\"https:\/\/viewline.nl\/de\/\",\"logo\":{\"@type\":\"ImageObject\",\"inLanguage\":\"de\",\"@id\":\"https:\/\/viewline.nl\/de\/#\/schema\/logo\/image\/\",\"url\":\"https:\/\/viewline.nl\/wp-content\/uploads\/2021\/11\/Viewline-logo-groot.jpg\",\"contentUrl\":\"https:\/\/viewline.nl\/wp-content\/uploads\/2021\/11\/Viewline-logo-groot.jpg\",\"width\":1417,\"height\":1417,\"caption\":\"Deponti \"},\"image\":{\"@id\":\"https:\/\/viewline.nl\/de\/#\/schema\/logo\/image\/\"}}]}<\/script>\n<!-- \/ Yoast SEO plugin. -->","yoast_head_json":{"title":"Vielen Dank f\u00fcr Ihre Angebotsanfrage - Deponti","description":"Einer unserer H\u00e4ndler in Ihrer N\u00e4he wird sich umgehend mit Ihnen in Verbindung setzen, um Ihnen ein Angebot zu unterbreiten.","robots":{"index":"index","follow":"follow","max-snippet":"max-snippet:-1","max-image-preview":"max-image-preview:large","max-video-preview":"max-video-preview:-1"},"canonical":"https:\/\/viewline.nl\/de\/vielen-dank-fuer-ihre-angebotsanfrage\/","og_locale":"de_DE","og_type":"article","og_title":"Vielen Dank f\u00fcr Ihre Angebotsanfrage - Deponti","og_description":"Einer unserer H\u00e4ndler in Ihrer N\u00e4he wird sich umgehend mit Ihnen in Verbindung setzen, um Ihnen ein Angebot zu unterbreiten.","og_url":"https:\/\/viewline.nl\/de\/vielen-dank-fuer-ihre-angebotsanfrage\/","og_site_name":"Deponti","article_modified_time":"2023-11-28T14:10:40+00:00","twitter_card":"summary_large_image","schema":{"@context":"https:\/\/schema.org","@graph":[{"@type":"WebPage","@id":"https:\/\/viewline.nl\/de\/vielen-dank-fuer-ihre-angebotsanfrage\/","url":"https:\/\/viewline.nl\/de\/vielen-dank-fuer-ihre-angebotsanfrage\/","name":"Vielen Dank f\u00fcr Ihre Angebotsanfrage - Deponti","isPartOf":{"@id":"https:\/\/viewline.nl\/de\/#website"},"datePublished":"2022-10-20T11:21:02+00:00","dateModified":"2023-11-28T14:10:40+00:00","description":"Einer unserer H\u00e4ndler in Ihrer N\u00e4he wird sich umgehend mit Ihnen in Verbindung setzen, um Ihnen ein Angebot zu unterbreiten.","breadcrumb":{"@id":"https:\/\/viewline.nl\/de\/vielen-dank-fuer-ihre-angebotsanfrage\/#breadcrumb"},"inLanguage":"de","potentialAction":[{"@type":"ReadAction","target":["https:\/\/viewline.nl\/de\/vielen-dank-fuer-ihre-angebotsanfrage\/"]}]},{"@type":"BreadcrumbList","@id":"https:\/\/viewline.nl\/de\/vielen-dank-fuer-ihre-angebotsanfrage\/#breadcrumb","itemListElement":[{"@type":"ListItem","position":1,"name":"Home","item":"https:\/\/viewline.nl\/de\/home\/"},{"@type":"ListItem","position":2,"name":"Vielen Dank f\u00fcr Ihre Angebotsanfrage"}]},{"@type":"WebSite","@id":"https:\/\/viewline.nl\/de\/#website","url":"https:\/\/viewline.nl\/de\/","name":"Deponti","description":"","publisher":{"@id":"https:\/\/viewline.nl\/de\/#organization"},"potentialAction":[{"@type":"SearchAction","target":{"@type":"EntryPoint","urlTemplate":"https:\/\/viewline.nl\/de\/?s={search_term_string}"},"query-input":{"@type":"PropertyValueSpecification","valueRequired":true,"valueName":"search_term_string"}}],"inLanguage":"de"},{"@type":"Organization","@id":"https:\/\/viewline.nl\/de\/#organization","name":"Deponti","url":"https:\/\/viewline.nl\/de\/","logo":{"@type":"ImageObject","inLanguage":"de","@id":"https:\/\/viewline.nl\/de\/#\/schema\/logo\/image\/","url":"https:\/\/viewline.nl\/wp-content\/uploads\/2021\/11\/Viewline-logo-groot.jpg","contentUrl":"https:\/\/viewline.nl\/wp-content\/uploads\/2021\/11\/Viewline-logo-groot.jpg","width":1417,"height":1417,"caption":"Deponti "},"image":{"@id":"https:\/\/viewline.nl\/de\/#\/schema\/logo\/image\/"}}]}},"_links":{"self":[{"href":"https:\/\/viewline.nl\/de\/wp-json\/wp\/v2\/pages\/1878","targetHints":{"allow":["GET"]}}],"collection":[{"href":"https:\/\/viewline.nl\/de\/wp-json\/wp\/v2\/pages"}],"about":[{"href":"https:\/\/viewline.nl\/de\/wp-json\/wp\/v2\/types\/page"}],"author":[{"embeddable":true,"href":"https:\/\/viewline.nl\/de\/wp-json\/wp\/v2\/users\/3"}],"replies":[{"embeddable":true,"href":"https:\/\/viewline.nl\/de\/wp-json\/wp\/v2\/comments?post=1878"}],"version-history":[{"count":3,"href":"https:\/\/viewline.nl\/de\/wp-json\/wp\/v2\/pages\/1878\/revisions"}],"predecessor-version":[{"id":2859,"href":"https:\/\/viewline.nl\/de\/wp-json\/wp\/v2\/pages\/1878\/revisions\/2859"}],"wp:attachment":[{"href":"https:\/\/viewline.nl\/de\/wp-json\/wp\/v2\/media?parent=1878"}],"curies":[{"name":"wp","href":"https:\/\/api.w.org\/{rel}","templated":true}]}}