{"id":1882,"date":"2022-10-20T11:22:34","date_gmt":"2022-10-20T11:22:34","guid":{"rendered":"https:\/\/viewline.nl\/vielen-dank-fuer-ihre-haendlerregistrierung\/"},"modified":"2024-09-24T10:06:23","modified_gmt":"2024-09-24T10:06:23","slug":"vielen-dank-fuer-ihre-haendlerregistrierung","status":"publish","type":"page","link":"https:\/\/viewline.nl\/de\/vielen-dank-fuer-ihre-haendlerregistrierung\/","title":{"rendered":"Vielen Dank f\u00fcr Ihre H\u00e4ndlerregistrierung"},"content":{"rendered":"\t\t<div data-elementor-type=\"wp-page\" data-elementor-id=\"1882\" class=\"elementor elementor-1882 elementor-1696\" data-elementor-post-type=\"page\">\n\t\t\t\t\t\t<section class=\"elementor-section elementor-top-section elementor-element elementor-element-d00278c elementor-section-boxed elementor-section-height-default elementor-section-height-default\" data-id=\"d00278c\" data-element_type=\"section\" data-e-type=\"section\">\n\t\t\t\t\t\t<div class=\"elementor-container elementor-column-gap-default\">\n\t\t\t\t\t<div class=\"elementor-column elementor-col-100 elementor-top-column elementor-element elementor-element-db5ef14\" data-id=\"db5ef14\" data-element_type=\"column\" data-e-type=\"column\">\n\t\t\t<div class=\"elementor-widget-wrap elementor-element-populated\">\n\t\t\t\t\t\t<div class=\"elementor-element elementor-element-85a61d7 elementor-widget elementor-widget-heading\" data-id=\"85a61d7\" data-element_type=\"widget\" data-e-type=\"widget\" data-widget_type=\"heading.default\">\n\t\t\t\t<div class=\"elementor-widget-container\">\n\t\t\t\t\t<h2 class=\"elementor-heading-title elementor-size-default\">Vielen Dank f\u00fcr Ihre H\u00e4ndlerregistrierung<\/h2>\t\t\t\t<\/div>\n\t\t\t\t<\/div>\n\t\t\t\t\t<\/div>\n\t\t<\/div>\n\t\t\t\t\t<\/div>\n\t\t<\/section>\n\t\t\t\t<section class=\"elementor-section elementor-top-section elementor-element elementor-element-39424d7 elementor-section-boxed elementor-section-height-default elementor-section-height-default\" data-id=\"39424d7\" data-element_type=\"section\" data-e-type=\"section\">\n\t\t\t\t\t\t<div class=\"elementor-container elementor-column-gap-default\">\n\t\t\t\t\t<div class=\"elementor-column elementor-col-100 elementor-top-column elementor-element elementor-element-8155fb3\" data-id=\"8155fb3\" data-element_type=\"column\" data-e-type=\"column\">\n\t\t\t<div class=\"elementor-widget-wrap elementor-element-populated\">\n\t\t\t\t\t\t<div class=\"elementor-element elementor-element-e96b51e elementor-widget elementor-widget-text-editor\" data-id=\"e96b51e\" data-element_type=\"widget\" data-e-type=\"widget\" data-widget_type=\"text-editor.default\">\n\t\t\t\t<div class=\"elementor-widget-container\">\n\t\t\t\t\t\t\t\t\t<p class=\"lead\" style=\"text-align: center;\"><span style=\"font-size: 130%;\">Einer unserer Kundenbetreuer wird sich in K\u00fcrze mit Ihnen in Verbindung setzen, um Ihnen weitere Informationen \u00fcber unsere Produkte und H\u00e4ndlerm\u00f6glichkeiten zu geben!<\/span><\/p>\n\t\t\t\t\t\t\t\t<\/div>\n\t\t\t\t<\/div>\n\t\t\t\t\t<\/div>\n\t\t<\/div>\n\t\t\t\t\t<\/div>\n\t\t<\/section>\n\t\t\t\t<section class=\"elementor-section elementor-top-section elementor-element elementor-element-3e52310 elementor-section-boxed elementor-section-height-default elementor-section-height-default\" data-id=\"3e52310\" data-element_type=\"section\" data-e-type=\"section\">\n\t\t\t\t\t\t<div class=\"elementor-container elementor-column-gap-default\">\n\t\t\t\t\t<div class=\"elementor-column elementor-col-100 elementor-top-column elementor-element elementor-element-2c91d37\" data-id=\"2c91d37\" data-element_type=\"column\" data-e-type=\"column\">\n\t\t\t<div class=\"elementor-widget-wrap elementor-element-populated\">\n\t\t\t\t\t\t<div class=\"elementor-element elementor-element-b35a0c3 elementor-widget elementor-widget-spacer\" data-id=\"b35a0c3\" data-element_type=\"widget\" data-e-type=\"widget\" data-widget_type=\"spacer.default\">\n\t\t\t\t<div class=\"elementor-widget-container\">\n\t\t\t\t\t\t\t<div class=\"elementor-spacer\">\n\t\t\t<div class=\"elementor-spacer-inner\"><\/div>\n\t\t<\/div>\n\t\t\t\t\t\t<\/div>\n\t\t\t\t<\/div>\n\t\t\t\t\t<\/div>\n\t\t<\/div>\n\t\t\t\t\t<\/div>\n\t\t<\/section>\n\t\t\t\t<\/div>\n\t\t","protected":false},"excerpt":{"rendered":"<p>Vielen Dank f\u00fcr Ihre H\u00e4ndlerregistrierung Einer unserer Kundenbetreuer wird sich in K\u00fcrze mit Ihnen in Verbindung setzen, um Ihnen weitere Informationen \u00fcber unsere Produkte und H\u00e4ndlerm\u00f6glichkeiten zu geben!<\/p>\n","protected":false},"author":3,"featured_media":0,"parent":0,"menu_order":0,"comment_status":"closed","ping_status":"closed","template":"","meta":{"footnotes":""},"class_list":["post-1882","page","type-page","status-publish","hentry"],"yoast_head":"<!-- This site is optimized with the Yoast SEO plugin v27.2 - https:\/\/yoast.com\/product\/yoast-seo-wordpress\/ -->\n<title>Vielen Dank f\u00fcr Ihre H\u00e4ndlerregistrierung - Deponti<\/title>\n<meta name=\"robots\" content=\"index, follow, max-snippet:-1, max-image-preview:large, max-video-preview:-1\" \/>\n<link rel=\"canonical\" href=\"https:\/\/viewline.nl\/de\/vielen-dank-fuer-ihre-haendlerregistrierung\/\" \/>\n<meta property=\"og:locale\" content=\"de_DE\" \/>\n<meta property=\"og:type\" content=\"article\" \/>\n<meta property=\"og:title\" content=\"Vielen Dank f\u00fcr Ihre H\u00e4ndlerregistrierung - Deponti\" \/>\n<meta property=\"og:description\" content=\"Vielen Dank f\u00fcr Ihre H\u00e4ndlerregistrierung Einer unserer Kundenbetreuer wird sich in K\u00fcrze mit Ihnen in Verbindung setzen, um Ihnen weitere Informationen \u00fcber unsere Produkte und H\u00e4ndlerm\u00f6glichkeiten zu geben!\" \/>\n<meta property=\"og:url\" content=\"https:\/\/viewline.nl\/de\/vielen-dank-fuer-ihre-haendlerregistrierung\/\" \/>\n<meta property=\"og:site_name\" content=\"Deponti\" \/>\n<meta property=\"article:modified_time\" content=\"2024-09-24T10:06:23+00:00\" \/>\n<meta name=\"twitter:card\" content=\"summary_large_image\" \/>\n<script type=\"application\/ld+json\" class=\"yoast-schema-graph\">{\"@context\":\"https:\/\/schema.org\",\"@graph\":[{\"@type\":\"WebPage\",\"@id\":\"https:\/\/viewline.nl\/de\/vielen-dank-fuer-ihre-haendlerregistrierung\/\",\"url\":\"https:\/\/viewline.nl\/de\/vielen-dank-fuer-ihre-haendlerregistrierung\/\",\"name\":\"Vielen Dank f\u00fcr Ihre H\u00e4ndlerregistrierung - Deponti\",\"isPartOf\":{\"@id\":\"https:\/\/viewline.nl\/de\/#website\"},\"datePublished\":\"2022-10-20T11:22:34+00:00\",\"dateModified\":\"2024-09-24T10:06:23+00:00\",\"breadcrumb\":{\"@id\":\"https:\/\/viewline.nl\/de\/vielen-dank-fuer-ihre-haendlerregistrierung\/#breadcrumb\"},\"inLanguage\":\"de\",\"potentialAction\":[{\"@type\":\"ReadAction\",\"target\":[\"https:\/\/viewline.nl\/de\/vielen-dank-fuer-ihre-haendlerregistrierung\/\"]}]},{\"@type\":\"BreadcrumbList\",\"@id\":\"https:\/\/viewline.nl\/de\/vielen-dank-fuer-ihre-haendlerregistrierung\/#breadcrumb\",\"itemListElement\":[{\"@type\":\"ListItem\",\"position\":1,\"name\":\"Home\",\"item\":\"https:\/\/viewline.nl\/de\/home\/\"},{\"@type\":\"ListItem\",\"position\":2,\"name\":\"Vielen Dank f\u00fcr Ihre H\u00e4ndlerregistrierung\"}]},{\"@type\":\"WebSite\",\"@id\":\"https:\/\/viewline.nl\/de\/#website\",\"url\":\"https:\/\/viewline.nl\/de\/\",\"name\":\"Deponti\",\"description\":\"\",\"publisher\":{\"@id\":\"https:\/\/viewline.nl\/de\/#organization\"},\"potentialAction\":[{\"@type\":\"SearchAction\",\"target\":{\"@type\":\"EntryPoint\",\"urlTemplate\":\"https:\/\/viewline.nl\/de\/?s={search_term_string}\"},\"query-input\":{\"@type\":\"PropertyValueSpecification\",\"valueRequired\":true,\"valueName\":\"search_term_string\"}}],\"inLanguage\":\"de\"},{\"@type\":\"Organization\",\"@id\":\"https:\/\/viewline.nl\/de\/#organization\",\"name\":\"Deponti\",\"url\":\"https:\/\/viewline.nl\/de\/\",\"logo\":{\"@type\":\"ImageObject\",\"inLanguage\":\"de\",\"@id\":\"https:\/\/viewline.nl\/de\/#\/schema\/logo\/image\/\",\"url\":\"https:\/\/viewline.nl\/wp-content\/uploads\/2021\/11\/Viewline-logo-groot.jpg\",\"contentUrl\":\"https:\/\/viewline.nl\/wp-content\/uploads\/2021\/11\/Viewline-logo-groot.jpg\",\"width\":1417,\"height\":1417,\"caption\":\"Deponti \"},\"image\":{\"@id\":\"https:\/\/viewline.nl\/de\/#\/schema\/logo\/image\/\"}}]}<\/script>\n<!-- \/ Yoast SEO plugin. -->","yoast_head_json":{"title":"Vielen Dank f\u00fcr Ihre H\u00e4ndlerregistrierung - Deponti","robots":{"index":"index","follow":"follow","max-snippet":"max-snippet:-1","max-image-preview":"max-image-preview:large","max-video-preview":"max-video-preview:-1"},"canonical":"https:\/\/viewline.nl\/de\/vielen-dank-fuer-ihre-haendlerregistrierung\/","og_locale":"de_DE","og_type":"article","og_title":"Vielen Dank f\u00fcr Ihre H\u00e4ndlerregistrierung - Deponti","og_description":"Vielen Dank f\u00fcr Ihre H\u00e4ndlerregistrierung Einer unserer Kundenbetreuer wird sich in K\u00fcrze mit Ihnen in Verbindung setzen, um Ihnen weitere Informationen \u00fcber unsere Produkte und H\u00e4ndlerm\u00f6glichkeiten zu geben!","og_url":"https:\/\/viewline.nl\/de\/vielen-dank-fuer-ihre-haendlerregistrierung\/","og_site_name":"Deponti","article_modified_time":"2024-09-24T10:06:23+00:00","twitter_card":"summary_large_image","schema":{"@context":"https:\/\/schema.org","@graph":[{"@type":"WebPage","@id":"https:\/\/viewline.nl\/de\/vielen-dank-fuer-ihre-haendlerregistrierung\/","url":"https:\/\/viewline.nl\/de\/vielen-dank-fuer-ihre-haendlerregistrierung\/","name":"Vielen Dank f\u00fcr Ihre H\u00e4ndlerregistrierung - Deponti","isPartOf":{"@id":"https:\/\/viewline.nl\/de\/#website"},"datePublished":"2022-10-20T11:22:34+00:00","dateModified":"2024-09-24T10:06:23+00:00","breadcrumb":{"@id":"https:\/\/viewline.nl\/de\/vielen-dank-fuer-ihre-haendlerregistrierung\/#breadcrumb"},"inLanguage":"de","potentialAction":[{"@type":"ReadAction","target":["https:\/\/viewline.nl\/de\/vielen-dank-fuer-ihre-haendlerregistrierung\/"]}]},{"@type":"BreadcrumbList","@id":"https:\/\/viewline.nl\/de\/vielen-dank-fuer-ihre-haendlerregistrierung\/#breadcrumb","itemListElement":[{"@type":"ListItem","position":1,"name":"Home","item":"https:\/\/viewline.nl\/de\/home\/"},{"@type":"ListItem","position":2,"name":"Vielen Dank f\u00fcr Ihre H\u00e4ndlerregistrierung"}]},{"@type":"WebSite","@id":"https:\/\/viewline.nl\/de\/#website","url":"https:\/\/viewline.nl\/de\/","name":"Deponti","description":"","publisher":{"@id":"https:\/\/viewline.nl\/de\/#organization"},"potentialAction":[{"@type":"SearchAction","target":{"@type":"EntryPoint","urlTemplate":"https:\/\/viewline.nl\/de\/?s={search_term_string}"},"query-input":{"@type":"PropertyValueSpecification","valueRequired":true,"valueName":"search_term_string"}}],"inLanguage":"de"},{"@type":"Organization","@id":"https:\/\/viewline.nl\/de\/#organization","name":"Deponti","url":"https:\/\/viewline.nl\/de\/","logo":{"@type":"ImageObject","inLanguage":"de","@id":"https:\/\/viewline.nl\/de\/#\/schema\/logo\/image\/","url":"https:\/\/viewline.nl\/wp-content\/uploads\/2021\/11\/Viewline-logo-groot.jpg","contentUrl":"https:\/\/viewline.nl\/wp-content\/uploads\/2021\/11\/Viewline-logo-groot.jpg","width":1417,"height":1417,"caption":"Deponti "},"image":{"@id":"https:\/\/viewline.nl\/de\/#\/schema\/logo\/image\/"}}]}},"_links":{"self":[{"href":"https:\/\/viewline.nl\/de\/wp-json\/wp\/v2\/pages\/1882","targetHints":{"allow":["GET"]}}],"collection":[{"href":"https:\/\/viewline.nl\/de\/wp-json\/wp\/v2\/pages"}],"about":[{"href":"https:\/\/viewline.nl\/de\/wp-json\/wp\/v2\/types\/page"}],"author":[{"embeddable":true,"href":"https:\/\/viewline.nl\/de\/wp-json\/wp\/v2\/users\/3"}],"replies":[{"embeddable":true,"href":"https:\/\/viewline.nl\/de\/wp-json\/wp\/v2\/comments?post=1882"}],"version-history":[{"count":5,"href":"https:\/\/viewline.nl\/de\/wp-json\/wp\/v2\/pages\/1882\/revisions"}],"predecessor-version":[{"id":3093,"href":"https:\/\/viewline.nl\/de\/wp-json\/wp\/v2\/pages\/1882\/revisions\/3093"}],"wp:attachment":[{"href":"https:\/\/viewline.nl\/de\/wp-json\/wp\/v2\/media?parent=1882"}],"curies":[{"name":"wp","href":"https:\/\/api.w.org\/{rel}","templated":true}]}}