{"id":1941,"date":"2022-10-20T14:30:14","date_gmt":"2022-10-20T14:30:14","guid":{"rendered":"https:\/\/viewline.nl\/viewline-produkte\/"},"modified":"2023-12-07T14:50:04","modified_gmt":"2023-12-07T14:50:04","slug":"viewline-produkte","status":"publish","type":"page","link":"https:\/\/viewline.nl\/de\/viewline-produkte\/","title":{"rendered":"Produkte"},"content":{"rendered":"\t\t<div data-elementor-type=\"wp-page\" data-elementor-id=\"1941\" class=\"elementor elementor-1941 elementor-1906\" data-elementor-post-type=\"page\">\n\t\t\t\t\t\t<section class=\"elementor-section elementor-top-section elementor-element elementor-element-7e11cdb elementor-section-boxed elementor-section-height-default elementor-section-height-default\" data-id=\"7e11cdb\" data-element_type=\"section\" data-e-type=\"section\">\n\t\t\t\t\t\t<div class=\"elementor-container elementor-column-gap-default\">\n\t\t\t\t\t<div class=\"elementor-column elementor-col-100 elementor-top-column elementor-element elementor-element-0dd9939\" data-id=\"0dd9939\" data-element_type=\"column\" data-e-type=\"column\">\n\t\t\t<div class=\"elementor-widget-wrap elementor-element-populated\">\n\t\t\t\t\t\t<div class=\"elementor-element elementor-element-cd40752 elementor-widget elementor-widget-heading\" data-id=\"cd40752\" data-element_type=\"widget\" data-e-type=\"widget\" data-widget_type=\"heading.default\">\n\t\t\t\t<div class=\"elementor-widget-container\">\n\t\t\t\t\t<h2 class=\"elementor-heading-title elementor-size-default\">Viewline Produkte<\/h2>\t\t\t\t<\/div>\n\t\t\t\t<\/div>\n\t\t\t\t\t<\/div>\n\t\t<\/div>\n\t\t\t\t\t<\/div>\n\t\t<\/section>\n\t\t\t\t<section class=\"elementor-section elementor-top-section elementor-element elementor-element-4394969 elementor-section-boxed elementor-section-height-default elementor-section-height-default\" data-id=\"4394969\" data-element_type=\"section\" data-e-type=\"section\">\n\t\t\t\t\t\t<div class=\"elementor-container elementor-column-gap-default\">\n\t\t\t\t\t<div class=\"elementor-column elementor-col-100 elementor-top-column elementor-element elementor-element-a54b5be\" data-id=\"a54b5be\" data-element_type=\"column\" data-e-type=\"column\">\n\t\t\t<div class=\"elementor-widget-wrap elementor-element-populated\">\n\t\t\t\t\t\t<div class=\"elementor-element elementor-element-13b7c9d elementor-widget elementor-widget-text-editor\" data-id=\"13b7c9d\" data-element_type=\"widget\" data-e-type=\"widget\" data-widget_type=\"text-editor.default\">\n\t\t\t\t<div class=\"elementor-widget-container\">\n\t\t\t\t\t\t\t\t\t<p>Als Produzent und Lieferant bauen wir jeden Tag die Marke Viewline auf und m\u00f6chten die Welt mit unseren innovativen Glasl\u00f6sungen inspirieren. Alle Viewline-Systeme sorgen daf\u00fcr, dass Sie endlos sch\u00f6ne Aussichten genie\u00dfen k\u00f6nnen. Sehen Sie sich unsere Produkte unten an.<\/p>\n\t\t\t\t\t\t\t\t<\/div>\n\t\t\t\t<\/div>\n\t\t\t\t\t<\/div>\n\t\t<\/div>\n\t\t\t\t\t<\/div>\n\t\t<\/section>\n\t\t\t\t<section class=\"elementor-section elementor-top-section elementor-element elementor-element-da32746 elementor-section-boxed elementor-section-height-default elementor-section-height-default\" data-id=\"da32746\" data-element_type=\"section\" data-e-type=\"section\">\n\t\t\t\t\t\t<div class=\"elementor-container elementor-column-gap-default\">\n\t\t\t\t\t<div class=\"elementor-column elementor-col-50 elementor-top-column elementor-element elementor-element-9d41b50\" data-id=\"9d41b50\" data-element_type=\"column\" data-e-type=\"column\">\n\t\t\t<div class=\"elementor-widget-wrap elementor-element-populated\">\n\t\t\t\t\t\t<div class=\"elementor-element elementor-element-e9f3cec elementor-widget elementor-widget-image\" data-id=\"e9f3cec\" data-element_type=\"widget\" data-e-type=\"widget\" data-widget_type=\"image.default\">\n\t\t\t\t<div class=\"elementor-widget-container\">\n\t\t\t\t\t\t\t\t\t\t\t\t\t\t\t\t<a href=\"https:\/\/viewline.nl\/de\/viewline-produkte\/product\/\">\n\t\t\t\t\t\t\t<img fetchpriority=\"high\" decoding=\"async\" width=\"800\" height=\"440\" src=\"https:\/\/viewline.nl\/wp-content\/uploads\/2023\/11\/Schuif-draaisysteem-1024x563.png\" class=\"attachment-large size-large wp-image-2779\" alt=\"\" srcset=\"https:\/\/viewline.nl\/wp-content\/uploads\/2023\/11\/Schuif-draaisysteem-1024x563.png 1024w, https:\/\/viewline.nl\/wp-content\/uploads\/2023\/11\/Schuif-draaisysteem-300x165.png 300w, https:\/\/viewline.nl\/wp-content\/uploads\/2023\/11\/Schuif-draaisysteem-768x422.png 768w, https:\/\/viewline.nl\/wp-content\/uploads\/2023\/11\/Schuif-draaisysteem-1536x844.png 1536w, https:\/\/viewline.nl\/wp-content\/uploads\/2023\/11\/Schuif-draaisysteem.png 1572w\" sizes=\"(max-width: 800px) 100vw, 800px\" \/>\t\t\t\t\t\t\t\t<\/a>\n\t\t\t\t\t\t\t\t\t\t\t\t\t\t\t<\/div>\n\t\t\t\t<\/div>\n\t\t\t\t<div class=\"elementor-element elementor-element-acb3da6 elementor-widget elementor-widget-text-editor\" data-id=\"acb3da6\" data-element_type=\"widget\" data-e-type=\"widget\" data-widget_type=\"text-editor.default\">\n\t\t\t\t<div class=\"elementor-widget-container\">\n\t\t\t\t\t\t\t\t\t<p style=\"text-align: center;\"><span style=\"font-weight: bolder; text-align: center; color: var( --e-global-color-text ); font-family: var( --e-global-typography-text-font-family ), Sans-serif; font-size: 1rem;\">Viewline-Schiebe-Dreh-System<\/span><\/p>\n\t\t\t\t\t\t\t\t<\/div>\n\t\t\t\t<\/div>\n\t\t\t\t<div class=\"elementor-element elementor-element-817b458 elementor-align-center elementor-widget elementor-widget-button\" data-id=\"817b458\" data-element_type=\"widget\" data-e-type=\"widget\" data-widget_type=\"button.default\">\n\t\t\t\t<div class=\"elementor-widget-container\">\n\t\t\t\t\t\t\t\t\t<div class=\"elementor-button-wrapper\">\n\t\t\t\t\t<a class=\"elementor-button elementor-button-link elementor-size-sm\" href=\"https:\/\/viewline.nl\/product\/schuif-draaisysteem\/\">\n\t\t\t\t\t\t<span class=\"elementor-button-content-wrapper\">\n\t\t\t\t\t\t\t\t\t<span class=\"elementor-button-text\">Hier klicken<\/span>\n\t\t\t\t\t<\/span>\n\t\t\t\t\t<\/a>\n\t\t\t\t<\/div>\n\t\t\t\t\t\t\t\t<\/div>\n\t\t\t\t<\/div>\n\t\t\t\t\t<\/div>\n\t\t<\/div>\n\t\t\t\t<div class=\"elementor-column elementor-col-50 elementor-top-column elementor-element elementor-element-02dd999\" data-id=\"02dd999\" data-element_type=\"column\" data-e-type=\"column\">\n\t\t\t<div class=\"elementor-widget-wrap elementor-element-populated\">\n\t\t\t\t\t\t<div class=\"elementor-element elementor-element-95d8d98 elementor-widget elementor-widget-image\" data-id=\"95d8d98\" data-element_type=\"widget\" data-e-type=\"widget\" data-widget_type=\"image.default\">\n\t\t\t\t<div class=\"elementor-widget-container\">\n\t\t\t\t\t\t\t\t\t\t\t\t\t\t\t\t<a href=\"https:\/\/viewline.nl\/de\/viewline-produkte\/windschutz\/\">\n\t\t\t\t\t\t\t<img decoding=\"async\" width=\"800\" height=\"440\" src=\"https:\/\/viewline.nl\/wp-content\/uploads\/2023\/11\/Windscherm-1024x563.png\" class=\"attachment-large size-large wp-image-2782\" alt=\"\" srcset=\"https:\/\/viewline.nl\/wp-content\/uploads\/2023\/11\/Windscherm-1024x563.png 1024w, https:\/\/viewline.nl\/wp-content\/uploads\/2023\/11\/Windscherm-300x165.png 300w, https:\/\/viewline.nl\/wp-content\/uploads\/2023\/11\/Windscherm-768x422.png 768w, https:\/\/viewline.nl\/wp-content\/uploads\/2023\/11\/Windscherm-1536x844.png 1536w, https:\/\/viewline.nl\/wp-content\/uploads\/2023\/11\/Windscherm.png 1572w\" sizes=\"(max-width: 800px) 100vw, 800px\" \/>\t\t\t\t\t\t\t\t<\/a>\n\t\t\t\t\t\t\t\t\t\t\t\t\t\t\t<\/div>\n\t\t\t\t<\/div>\n\t\t\t\t<div class=\"elementor-element elementor-element-7b0ff7c elementor-widget elementor-widget-text-editor\" data-id=\"7b0ff7c\" data-element_type=\"widget\" data-e-type=\"widget\" data-widget_type=\"text-editor.default\">\n\t\t\t\t<div class=\"elementor-widget-container\">\n\t\t\t\t\t\t\t\t\t<p style=\"text-align: center;\"><strong>Windschutz<\/strong><\/p>\n\t\t\t\t\t\t\t\t<\/div>\n\t\t\t\t<\/div>\n\t\t\t\t<div class=\"elementor-element elementor-element-470925d elementor-align-center elementor-widget elementor-widget-button\" data-id=\"470925d\" data-element_type=\"widget\" data-e-type=\"widget\" data-widget_type=\"button.default\">\n\t\t\t\t<div class=\"elementor-widget-container\">\n\t\t\t\t\t\t\t\t\t<div class=\"elementor-button-wrapper\">\n\t\t\t\t\t<a class=\"elementor-button elementor-button-link elementor-size-sm\" href=\"https:\/\/viewline.nl\/de\/viewline-produkte\/windschutz\/\">\n\t\t\t\t\t\t<span class=\"elementor-button-content-wrapper\">\n\t\t\t\t\t\t\t\t\t<span class=\"elementor-button-text\">Hier klicken<\/span>\n\t\t\t\t\t<\/span>\n\t\t\t\t\t<\/a>\n\t\t\t\t<\/div>\n\t\t\t\t\t\t\t\t<\/div>\n\t\t\t\t<\/div>\n\t\t\t\t\t<\/div>\n\t\t<\/div>\n\t\t\t\t\t<\/div>\n\t\t<\/section>\n\t\t\t\t<\/div>\n\t\t","protected":false},"excerpt":{"rendered":"<p>Viewline Produkte Als Produzent und Lieferant bauen wir jeden Tag die Marke Viewline auf und m\u00f6chten die Welt mit unseren innovativen Glasl\u00f6sungen inspirieren. Alle Viewline-Systeme sorgen daf\u00fcr, dass Sie endlos sch\u00f6ne Aussichten genie\u00dfen k\u00f6nnen. Sehen Sie sich unsere Produkte unten an. Viewline-Schiebe-Dreh-System Hier klicken Windschutz Hier klicken<\/p>\n","protected":false},"author":3,"featured_media":0,"parent":0,"menu_order":0,"comment_status":"closed","ping_status":"closed","template":"","meta":{"footnotes":""},"class_list":["post-1941","page","type-page","status-publish","hentry"],"yoast_head":"<!-- This site is optimized with the Yoast SEO plugin v27.2 - https:\/\/yoast.com\/product\/yoast-seo-wordpress\/ -->\n<title>Produkte - Viewline<\/title>\n<meta name=\"description\" content=\"Als Hersteller und Lieferant bauen wir jeden Tag die Marke Viewline und unsere innovativen Glasl\u00f6sungen auf. Sehen Sie sich unsere Produkte hier an.\" \/>\n<meta name=\"robots\" content=\"index, follow, max-snippet:-1, max-image-preview:large, max-video-preview:-1\" \/>\n<link rel=\"canonical\" href=\"https:\/\/viewline.nl\/de\/viewline-produkte\/\" \/>\n<meta property=\"og:locale\" content=\"de_DE\" \/>\n<meta property=\"og:type\" content=\"article\" \/>\n<meta property=\"og:title\" content=\"Produkte - Viewline\" \/>\n<meta property=\"og:description\" content=\"Als Hersteller und Lieferant bauen wir jeden Tag die Marke Viewline und unsere innovativen Glasl\u00f6sungen auf. Sehen Sie sich unsere Produkte hier an.\" \/>\n<meta property=\"og:url\" content=\"https:\/\/viewline.nl\/de\/viewline-produkte\/\" \/>\n<meta property=\"og:site_name\" content=\"Deponti\" \/>\n<meta property=\"article:modified_time\" content=\"2023-12-07T14:50:04+00:00\" \/>\n<meta property=\"og:image\" content=\"https:\/\/viewline.nl\/wp-content\/uploads\/2023\/11\/Schuif-draaisysteem-1024x563.png\" \/>\n<meta name=\"twitter:card\" content=\"summary_large_image\" \/>\n<meta name=\"twitter:label1\" content=\"Gesch\u00e4tzte Lesezeit\" \/>\n\t<meta name=\"twitter:data1\" content=\"1\u00a0Minute\" \/>\n<script type=\"application\/ld+json\" class=\"yoast-schema-graph\">{\"@context\":\"https:\/\/schema.org\",\"@graph\":[{\"@type\":\"WebPage\",\"@id\":\"https:\/\/viewline.nl\/de\/viewline-produkte\/\",\"url\":\"https:\/\/viewline.nl\/de\/viewline-produkte\/\",\"name\":\"Produkte - Viewline\",\"isPartOf\":{\"@id\":\"https:\/\/viewline.nl\/de\/#website\"},\"primaryImageOfPage\":{\"@id\":\"https:\/\/viewline.nl\/de\/viewline-produkte\/#primaryimage\"},\"image\":{\"@id\":\"https:\/\/viewline.nl\/de\/viewline-produkte\/#primaryimage\"},\"thumbnailUrl\":\"https:\/\/viewline.nl\/wp-content\/uploads\/2023\/11\/Schuif-draaisysteem-1024x563.png\",\"datePublished\":\"2022-10-20T14:30:14+00:00\",\"dateModified\":\"2023-12-07T14:50:04+00:00\",\"description\":\"Als Hersteller und Lieferant bauen wir jeden Tag die Marke Viewline und unsere innovativen Glasl\u00f6sungen auf. Sehen Sie sich unsere Produkte hier an.\",\"breadcrumb\":{\"@id\":\"https:\/\/viewline.nl\/de\/viewline-produkte\/#breadcrumb\"},\"inLanguage\":\"de\",\"potentialAction\":[{\"@type\":\"ReadAction\",\"target\":[\"https:\/\/viewline.nl\/de\/viewline-produkte\/\"]}]},{\"@type\":\"ImageObject\",\"inLanguage\":\"de\",\"@id\":\"https:\/\/viewline.nl\/de\/viewline-produkte\/#primaryimage\",\"url\":\"https:\/\/viewline.nl\/wp-content\/uploads\/2023\/11\/Schuif-draaisysteem-1024x563.png\",\"contentUrl\":\"https:\/\/viewline.nl\/wp-content\/uploads\/2023\/11\/Schuif-draaisysteem-1024x563.png\"},{\"@type\":\"BreadcrumbList\",\"@id\":\"https:\/\/viewline.nl\/de\/viewline-produkte\/#breadcrumb\",\"itemListElement\":[{\"@type\":\"ListItem\",\"position\":1,\"name\":\"Home\",\"item\":\"https:\/\/viewline.nl\/de\/home\/\"},{\"@type\":\"ListItem\",\"position\":2,\"name\":\"Produkte\"}]},{\"@type\":\"WebSite\",\"@id\":\"https:\/\/viewline.nl\/de\/#website\",\"url\":\"https:\/\/viewline.nl\/de\/\",\"name\":\"Deponti\",\"description\":\"\",\"publisher\":{\"@id\":\"https:\/\/viewline.nl\/de\/#organization\"},\"potentialAction\":[{\"@type\":\"SearchAction\",\"target\":{\"@type\":\"EntryPoint\",\"urlTemplate\":\"https:\/\/viewline.nl\/de\/?s={search_term_string}\"},\"query-input\":{\"@type\":\"PropertyValueSpecification\",\"valueRequired\":true,\"valueName\":\"search_term_string\"}}],\"inLanguage\":\"de\"},{\"@type\":\"Organization\",\"@id\":\"https:\/\/viewline.nl\/de\/#organization\",\"name\":\"Deponti\",\"url\":\"https:\/\/viewline.nl\/de\/\",\"logo\":{\"@type\":\"ImageObject\",\"inLanguage\":\"de\",\"@id\":\"https:\/\/viewline.nl\/de\/#\/schema\/logo\/image\/\",\"url\":\"https:\/\/viewline.nl\/wp-content\/uploads\/2021\/11\/Viewline-logo-groot.jpg\",\"contentUrl\":\"https:\/\/viewline.nl\/wp-content\/uploads\/2021\/11\/Viewline-logo-groot.jpg\",\"width\":1417,\"height\":1417,\"caption\":\"Deponti \"},\"image\":{\"@id\":\"https:\/\/viewline.nl\/de\/#\/schema\/logo\/image\/\"}}]}<\/script>\n<!-- \/ Yoast SEO plugin. -->","yoast_head_json":{"title":"Produkte - Viewline","description":"Als Hersteller und Lieferant bauen wir jeden Tag die Marke Viewline und unsere innovativen Glasl\u00f6sungen auf. Sehen Sie sich unsere Produkte hier an.","robots":{"index":"index","follow":"follow","max-snippet":"max-snippet:-1","max-image-preview":"max-image-preview:large","max-video-preview":"max-video-preview:-1"},"canonical":"https:\/\/viewline.nl\/de\/viewline-produkte\/","og_locale":"de_DE","og_type":"article","og_title":"Produkte - Viewline","og_description":"Als Hersteller und Lieferant bauen wir jeden Tag die Marke Viewline und unsere innovativen Glasl\u00f6sungen auf. Sehen Sie sich unsere Produkte hier an.","og_url":"https:\/\/viewline.nl\/de\/viewline-produkte\/","og_site_name":"Deponti","article_modified_time":"2023-12-07T14:50:04+00:00","og_image":[{"url":"https:\/\/viewline.nl\/wp-content\/uploads\/2023\/11\/Schuif-draaisysteem-1024x563.png","type":"","width":"","height":""}],"twitter_card":"summary_large_image","twitter_misc":{"Gesch\u00e4tzte Lesezeit":"1\u00a0Minute"},"schema":{"@context":"https:\/\/schema.org","@graph":[{"@type":"WebPage","@id":"https:\/\/viewline.nl\/de\/viewline-produkte\/","url":"https:\/\/viewline.nl\/de\/viewline-produkte\/","name":"Produkte - Viewline","isPartOf":{"@id":"https:\/\/viewline.nl\/de\/#website"},"primaryImageOfPage":{"@id":"https:\/\/viewline.nl\/de\/viewline-produkte\/#primaryimage"},"image":{"@id":"https:\/\/viewline.nl\/de\/viewline-produkte\/#primaryimage"},"thumbnailUrl":"https:\/\/viewline.nl\/wp-content\/uploads\/2023\/11\/Schuif-draaisysteem-1024x563.png","datePublished":"2022-10-20T14:30:14+00:00","dateModified":"2023-12-07T14:50:04+00:00","description":"Als Hersteller und Lieferant bauen wir jeden Tag die Marke Viewline und unsere innovativen Glasl\u00f6sungen auf. Sehen Sie sich unsere Produkte hier an.","breadcrumb":{"@id":"https:\/\/viewline.nl\/de\/viewline-produkte\/#breadcrumb"},"inLanguage":"de","potentialAction":[{"@type":"ReadAction","target":["https:\/\/viewline.nl\/de\/viewline-produkte\/"]}]},{"@type":"ImageObject","inLanguage":"de","@id":"https:\/\/viewline.nl\/de\/viewline-produkte\/#primaryimage","url":"https:\/\/viewline.nl\/wp-content\/uploads\/2023\/11\/Schuif-draaisysteem-1024x563.png","contentUrl":"https:\/\/viewline.nl\/wp-content\/uploads\/2023\/11\/Schuif-draaisysteem-1024x563.png"},{"@type":"BreadcrumbList","@id":"https:\/\/viewline.nl\/de\/viewline-produkte\/#breadcrumb","itemListElement":[{"@type":"ListItem","position":1,"name":"Home","item":"https:\/\/viewline.nl\/de\/home\/"},{"@type":"ListItem","position":2,"name":"Produkte"}]},{"@type":"WebSite","@id":"https:\/\/viewline.nl\/de\/#website","url":"https:\/\/viewline.nl\/de\/","name":"Deponti","description":"","publisher":{"@id":"https:\/\/viewline.nl\/de\/#organization"},"potentialAction":[{"@type":"SearchAction","target":{"@type":"EntryPoint","urlTemplate":"https:\/\/viewline.nl\/de\/?s={search_term_string}"},"query-input":{"@type":"PropertyValueSpecification","valueRequired":true,"valueName":"search_term_string"}}],"inLanguage":"de"},{"@type":"Organization","@id":"https:\/\/viewline.nl\/de\/#organization","name":"Deponti","url":"https:\/\/viewline.nl\/de\/","logo":{"@type":"ImageObject","inLanguage":"de","@id":"https:\/\/viewline.nl\/de\/#\/schema\/logo\/image\/","url":"https:\/\/viewline.nl\/wp-content\/uploads\/2021\/11\/Viewline-logo-groot.jpg","contentUrl":"https:\/\/viewline.nl\/wp-content\/uploads\/2021\/11\/Viewline-logo-groot.jpg","width":1417,"height":1417,"caption":"Deponti "},"image":{"@id":"https:\/\/viewline.nl\/de\/#\/schema\/logo\/image\/"}}]}},"_links":{"self":[{"href":"https:\/\/viewline.nl\/de\/wp-json\/wp\/v2\/pages\/1941","targetHints":{"allow":["GET"]}}],"collection":[{"href":"https:\/\/viewline.nl\/de\/wp-json\/wp\/v2\/pages"}],"about":[{"href":"https:\/\/viewline.nl\/de\/wp-json\/wp\/v2\/types\/page"}],"author":[{"embeddable":true,"href":"https:\/\/viewline.nl\/de\/wp-json\/wp\/v2\/users\/3"}],"replies":[{"embeddable":true,"href":"https:\/\/viewline.nl\/de\/wp-json\/wp\/v2\/comments?post=1941"}],"version-history":[{"count":14,"href":"https:\/\/viewline.nl\/de\/wp-json\/wp\/v2\/pages\/1941\/revisions"}],"predecessor-version":[{"id":2997,"href":"https:\/\/viewline.nl\/de\/wp-json\/wp\/v2\/pages\/1941\/revisions\/2997"}],"wp:attachment":[{"href":"https:\/\/viewline.nl\/de\/wp-json\/wp\/v2\/media?parent=1941"}],"curies":[{"name":"wp","href":"https:\/\/api.w.org\/{rel}","templated":true}]}}